{"id":8480,"date":"2024-12-02T11:42:12","date_gmt":"2024-12-02T10:42:12","guid":{"rendered":"https:\/\/odlicno.mojwww.si\/?post_type=product&#038;p=8480"},"modified":"2024-12-03T17:00:41","modified_gmt":"2024-12-03T16:00:41","slug":"sjemenke-suncokreta-odlicno-200-g","status":"publish","type":"product","link":"https:\/\/odlicno.si\/hr\/proizvodi\/orascici-sjemenke\/sjemenke\/sjemenke-suncokreta-odlicno-200-g\/","title":{"rendered":"Sjemenke suncokreta Odli\u010dno, 200 g"},"content":{"rendered":"<p>Svestrane sjemenke suncokreta ne sadr\u017ee aditive i predstavljaju odli\u010dan izbor u svakodnevnoj pripremi hrane.<\/p>\n<p>Sni\u017eena cijena je va\u017ee\u0107a za proizvode najmanje upotrebljive do 09\/2022.<\/p>\n","protected":false},"excerpt":{"rendered":"<p>Svestrane sjemenke suncokreta ne sadr\u017ee aditive i predstavljaju odli\u010dan izbor u svakodnevnoj pripremi hrane. Sni\u017eena cijena je va\u017ee\u0107a za proizvode najmanje upotrebljive do 09\/2022.<\/p>\n","protected":false},"featured_media":10900,"template":"","meta":{"_acf_changed":false},"product_brand":[],"product_cat":[286,259,117,265,120],"product_tag":[],"class_list":{"0":"post-8480","1":"product","2":"type-product","3":"status-publish","4":"has-post-thumbnail","6":"product_cat-100-g-300-g-hr","7":"product_cat-kuhanje","8":"product_cat-orascici-sjemenke","9":"product_cat-pecenje","10":"product_cat-sjemenke","12":"first","13":"instock","14":"taxable","15":"shipping-taxable","16":"purchasable","17":"product-type-simple"},"acf":[],"mb":[],"jetpack_sharing_enabled":true,"mfb_rest_fields":["title","jetpack_sharing_enabled"],"_links":{"self":[{"href":"https:\/\/odlicno.si\/hr\/wp-json\/wp\/v2\/product\/8480","targetHints":{"allow":["GET"]}}],"collection":[{"href":"https:\/\/odlicno.si\/hr\/wp-json\/wp\/v2\/product"}],"about":[{"href":"https:\/\/odlicno.si\/hr\/wp-json\/wp\/v2\/types\/product"}],"wp:featuredmedia":[{"embeddable":true,"href":"https:\/\/odlicno.si\/hr\/wp-json\/wp\/v2\/media\/10900"}],"wp:attachment":[{"href":"https:\/\/odlicno.si\/hr\/wp-json\/wp\/v2\/media?parent=8480"}],"wp:term":[{"taxonomy":"product_brand","embeddable":true,"href":"https:\/\/odlicno.si\/hr\/wp-json\/wp\/v2\/product_brand?post=8480"},{"taxonomy":"product_cat","embeddable":true,"href":"https:\/\/odlicno.si\/hr\/wp-json\/wp\/v2\/product_cat?post=8480"},{"taxonomy":"product_tag","embeddable":true,"href":"https:\/\/odlicno.si\/hr\/wp-json\/wp\/v2\/product_tag?post=8480"}],"curies":[{"name":"wp","href":"https:\/\/api.w.org\/{rel}","templated":true}]}}