{"id":8478,"date":"2024-12-02T11:32:31","date_gmt":"2024-12-02T10:32:31","guid":{"rendered":"https:\/\/odlicno.mojwww.si\/?post_type=product&#038;p=8478"},"modified":"2024-12-03T17:00:40","modified_gmt":"2024-12-03T16:00:40","slug":"sjemenke-lana-odlicno-200-g","status":"publish","type":"product","link":"https:\/\/odlicno.si\/hr\/proizvodi\/orascici-sjemenke\/sjemenke\/sjemenke-lana-odlicno-200-g\/","title":{"rendered":"Sjemenke lana Odli\u010dno, 200 g"},"content":{"rendered":"<p>Sjemenke lana potpuno su <strong>prirodne<\/strong> i <strong>bez aditiva<\/strong>, no preporu\u010duje se da ih prije upotrebe sameljemo ili namo\u010dimo u vodi. Zbog neutralnog okusa nije ih te\u0161ko uklju\u010diti u svakodnevnu prehranu.<\/p>\n","protected":false},"excerpt":{"rendered":"<p>Sjemenke lana potpuno su prirodne i bez aditiva, no preporu\u010duje se da ih prije upotrebe sameljemo ili namo\u010dimo u vodi. Zbog neutralnog okusa nije ih te\u0161ko uklju\u010diti u svakodnevnu prehranu.<\/p>\n","protected":false},"featured_media":9501,"template":"","meta":{"_acf_changed":false},"product_brand":[],"product_cat":[286,259,117,265,120],"product_tag":[],"class_list":{"0":"post-8478","1":"product","2":"type-product","3":"status-publish","4":"has-post-thumbnail","6":"product_cat-100-g-300-g-hr","7":"product_cat-kuhanje","8":"product_cat-orascici-sjemenke","9":"product_cat-pecenje","10":"product_cat-sjemenke","12":"first","13":"instock","14":"taxable","15":"shipping-taxable","16":"purchasable","17":"product-type-simple"},"acf":[],"mb":[],"jetpack_sharing_enabled":true,"mfb_rest_fields":["title","jetpack_sharing_enabled"],"_links":{"self":[{"href":"https:\/\/odlicno.si\/hr\/wp-json\/wp\/v2\/product\/8478","targetHints":{"allow":["GET"]}}],"collection":[{"href":"https:\/\/odlicno.si\/hr\/wp-json\/wp\/v2\/product"}],"about":[{"href":"https:\/\/odlicno.si\/hr\/wp-json\/wp\/v2\/types\/product"}],"wp:featuredmedia":[{"embeddable":true,"href":"https:\/\/odlicno.si\/hr\/wp-json\/wp\/v2\/media\/9501"}],"wp:attachment":[{"href":"https:\/\/odlicno.si\/hr\/wp-json\/wp\/v2\/media?parent=8478"}],"wp:term":[{"taxonomy":"product_brand","embeddable":true,"href":"https:\/\/odlicno.si\/hr\/wp-json\/wp\/v2\/product_brand?post=8478"},{"taxonomy":"product_cat","embeddable":true,"href":"https:\/\/odlicno.si\/hr\/wp-json\/wp\/v2\/product_cat?post=8478"},{"taxonomy":"product_tag","embeddable":true,"href":"https:\/\/odlicno.si\/hr\/wp-json\/wp\/v2\/product_tag?post=8478"}],"curies":[{"name":"wp","href":"https:\/\/api.w.org\/{rel}","templated":true}]}}