{"id":8474,"date":"2024-12-02T11:32:31","date_gmt":"2024-12-02T10:32:31","guid":{"rendered":"https:\/\/odlicno.mojwww.si\/?post_type=product&#038;p=8474"},"modified":"2025-01-05T00:10:38","modified_gmt":"2025-01-04T23:10:38","slug":"mljeveni-mak-odlicno","status":"publish","type":"product","link":"https:\/\/odlicno.si\/hr\/proizvodi\/orascici-sjemenke\/sjemenke\/mljeveni-mak-odlicno\/","title":{"rendered":"Mljeveni mak Odli\u010dno 200 g"},"content":{"rendered":"<p>Mljevene sjemenke maka spremne su za neposrednu upotrebu prilikom pripreme razli\u010ditih kola\u010da. Proizvod <strong>ne sadr\u017ei aditive.<\/strong><\/p>\n<blockquote><p>Za svaku kuhinju koja miri\u0161e na pe\u010denje!<\/p><\/blockquote>\n","protected":false},"excerpt":{"rendered":"<p>Mljevene sjemenke maka spremne su za neposrednu upotrebu prilikom pripreme razli\u010ditih kola\u010da. Proizvod ne sadr\u017ei aditive. Za svaku kuhinju koja miri\u0161e na pe\u010denje!<\/p>\n","protected":false},"featured_media":4132,"template":"","meta":{"_acf_changed":false},"product_brand":[],"product_cat":[286,236,117,265,120],"product_tag":[],"class_list":{"0":"post-8474","1":"product","2":"type-product","3":"status-publish","4":"has-post-thumbnail","6":"product_cat-100-g-300-g-hr","7":"product_cat-akcija-hr","8":"product_cat-orascici-sjemenke","9":"product_cat-pecenje","10":"product_cat-sjemenke","12":"first","13":"instock","14":"sale","15":"taxable","16":"shipping-taxable","17":"purchasable","18":"product-type-simple"},"acf":[],"mb":[],"jetpack_sharing_enabled":true,"mfb_rest_fields":["title","jetpack_sharing_enabled"],"_links":{"self":[{"href":"https:\/\/odlicno.si\/hr\/wp-json\/wp\/v2\/product\/8474","targetHints":{"allow":["GET"]}}],"collection":[{"href":"https:\/\/odlicno.si\/hr\/wp-json\/wp\/v2\/product"}],"about":[{"href":"https:\/\/odlicno.si\/hr\/wp-json\/wp\/v2\/types\/product"}],"wp:featuredmedia":[{"embeddable":true,"href":"https:\/\/odlicno.si\/hr\/wp-json\/wp\/v2\/media\/4132"}],"wp:attachment":[{"href":"https:\/\/odlicno.si\/hr\/wp-json\/wp\/v2\/media?parent=8474"}],"wp:term":[{"taxonomy":"product_brand","embeddable":true,"href":"https:\/\/odlicno.si\/hr\/wp-json\/wp\/v2\/product_brand?post=8474"},{"taxonomy":"product_cat","embeddable":true,"href":"https:\/\/odlicno.si\/hr\/wp-json\/wp\/v2\/product_cat?post=8474"},{"taxonomy":"product_tag","embeddable":true,"href":"https:\/\/odlicno.si\/hr\/wp-json\/wp\/v2\/product_tag?post=8474"}],"curies":[{"name":"wp","href":"https:\/\/api.w.org\/{rel}","templated":true}]}}