{"id":8472,"date":"2024-12-02T11:32:30","date_gmt":"2024-12-02T10:32:30","guid":{"rendered":"https:\/\/odlicno.mojwww.si\/?post_type=product&#038;p=8472"},"modified":"2024-12-03T17:00:35","modified_gmt":"2024-12-03T16:00:35","slug":"mljeveni-bademi-odlicno-200-g","status":"publish","type":"product","link":"https:\/\/odlicno.si\/hr\/proizvodi\/orascici-sjemenke\/orascici\/mljeveni-bademi-odlicno-200-g\/","title":{"rendered":"Mljeveni bademi Odli\u010dno, 200 g"},"content":{"rendered":"<p>Fino mljeveni bademi spremni su za neposrednu upotrebu prilikom pripreme razli\u010ditih jela i kola\u010da, a njima mo\u017eemo zamijeniti i obi\u010dno bra\u0161no. Proizvod <strong>ne sadr\u017ei aditive.<\/strong><\/p>\n","protected":false},"excerpt":{"rendered":"<p>Fino mljeveni bademi spremni su za neposrednu upotrebu prilikom pripreme razli\u010ditih jela i kola\u010da, a njima mo\u017eemo zamijeniti i obi\u010dno bra\u0161no. Proizvod ne sadr\u017ei aditive.<\/p>\n","protected":false},"featured_media":4136,"template":"","meta":{"_acf_changed":false},"product_brand":[],"product_cat":[286,259,119,117,265],"product_tag":[],"class_list":{"0":"post-8472","1":"product","2":"type-product","3":"status-publish","4":"has-post-thumbnail","6":"product_cat-100-g-300-g-hr","7":"product_cat-kuhanje","8":"product_cat-orascici","9":"product_cat-orascici-sjemenke","10":"product_cat-pecenje","12":"first","13":"instock","14":"taxable","15":"shipping-taxable","16":"purchasable","17":"product-type-simple"},"acf":[],"mb":[],"jetpack_sharing_enabled":true,"mfb_rest_fields":["title","jetpack_sharing_enabled"],"_links":{"self":[{"href":"https:\/\/odlicno.si\/hr\/wp-json\/wp\/v2\/product\/8472","targetHints":{"allow":["GET"]}}],"collection":[{"href":"https:\/\/odlicno.si\/hr\/wp-json\/wp\/v2\/product"}],"about":[{"href":"https:\/\/odlicno.si\/hr\/wp-json\/wp\/v2\/types\/product"}],"wp:featuredmedia":[{"embeddable":true,"href":"https:\/\/odlicno.si\/hr\/wp-json\/wp\/v2\/media\/4136"}],"wp:attachment":[{"href":"https:\/\/odlicno.si\/hr\/wp-json\/wp\/v2\/media?parent=8472"}],"wp:term":[{"taxonomy":"product_brand","embeddable":true,"href":"https:\/\/odlicno.si\/hr\/wp-json\/wp\/v2\/product_brand?post=8472"},{"taxonomy":"product_cat","embeddable":true,"href":"https:\/\/odlicno.si\/hr\/wp-json\/wp\/v2\/product_cat?post=8472"},{"taxonomy":"product_tag","embeddable":true,"href":"https:\/\/odlicno.si\/hr\/wp-json\/wp\/v2\/product_tag?post=8472"}],"curies":[{"name":"wp","href":"https:\/\/api.w.org\/{rel}","templated":true}]}}