{"id":8471,"date":"2024-12-02T11:42:11","date_gmt":"2024-12-02T10:42:11","guid":{"rendered":"https:\/\/odlicno.mojwww.si\/?post_type=product&#038;p=8471"},"modified":"2024-12-04T12:58:17","modified_gmt":"2024-12-04T11:58:17","slug":"mljeveni-orasi-odlicno-200-g","status":"publish","type":"product","link":"https:\/\/odlicno.si\/hr\/proizvodi\/orascici-sjemenke\/orascici\/mljeveni-orasi-odlicno-200-g\/","title":{"rendered":"Mljeveni orasi Odli\u010dno, 200 g"},"content":{"rendered":"<p>Fino mljeveni orasi spremni su za neposrednu upotrebu prilikom pe\u010denja orahnja\u010da i drugih kola\u010da. Proizvod<strong> ne sadr\u017ei aditive.<\/strong><\/p>\n","protected":false},"excerpt":{"rendered":"<p>Fino mljeveni orasi spremni su za neposrednu upotrebu prilikom pe\u010denja orahnja\u010da i drugih kola\u010da. Proizvod ne sadr\u017ei aditive.<\/p>\n","protected":false},"featured_media":10798,"template":"","meta":{"_acf_changed":false},"product_brand":[],"product_cat":[286,259,119,117,265],"product_tag":[],"class_list":{"0":"post-8471","1":"product","2":"type-product","3":"status-publish","4":"has-post-thumbnail","6":"product_cat-100-g-300-g-hr","7":"product_cat-kuhanje","8":"product_cat-orascici","9":"product_cat-orascici-sjemenke","10":"product_cat-pecenje","12":"first","13":"instock","14":"taxable","15":"shipping-taxable","16":"purchasable","17":"product-type-simple"},"acf":[],"mb":[],"jetpack_sharing_enabled":true,"mfb_rest_fields":["title","jetpack_sharing_enabled"],"_links":{"self":[{"href":"https:\/\/odlicno.si\/hr\/wp-json\/wp\/v2\/product\/8471","targetHints":{"allow":["GET"]}}],"collection":[{"href":"https:\/\/odlicno.si\/hr\/wp-json\/wp\/v2\/product"}],"about":[{"href":"https:\/\/odlicno.si\/hr\/wp-json\/wp\/v2\/types\/product"}],"wp:featuredmedia":[{"embeddable":true,"href":"https:\/\/odlicno.si\/hr\/wp-json\/wp\/v2\/media\/10798"}],"wp:attachment":[{"href":"https:\/\/odlicno.si\/hr\/wp-json\/wp\/v2\/media?parent=8471"}],"wp:term":[{"taxonomy":"product_brand","embeddable":true,"href":"https:\/\/odlicno.si\/hr\/wp-json\/wp\/v2\/product_brand?post=8471"},{"taxonomy":"product_cat","embeddable":true,"href":"https:\/\/odlicno.si\/hr\/wp-json\/wp\/v2\/product_cat?post=8471"},{"taxonomy":"product_tag","embeddable":true,"href":"https:\/\/odlicno.si\/hr\/wp-json\/wp\/v2\/product_tag?post=8471"}],"curies":[{"name":"wp","href":"https:\/\/api.w.org\/{rel}","templated":true}]}}