{"id":8469,"date":"2024-12-02T11:32:30","date_gmt":"2024-12-02T10:32:30","guid":{"rendered":"https:\/\/odlicno.mojwww.si\/?post_type=product&#038;p=8469"},"modified":"2024-12-03T17:00:34","modified_gmt":"2024-12-03T16:00:34","slug":"grah-bijeli-odlicno-1000-g","status":"publish","type":"product","link":"https:\/\/odlicno.si\/hr\/proizvodi\/500-g-1000-g-hr\/grah-bijeli-odlicno-1000-g\/","title":{"rendered":"Grah bijeli Odli\u010dno, 1000 g"},"content":{"rendered":"<p>Bijeli grah odli\u010dan je kao prilog jelima od svinjetine, u salatama, a jo\u0161 vi\u0161e \u0107e vam prijati u prebrancu, juhi od graha ili u meksi\u010dkim jelima<\/p>\n","protected":false},"excerpt":{"rendered":"<p>Bijeli grah odli\u010dan je kao prilog jelima od svinjetine, u salatama, a jo\u0161 vi\u0161e \u0107e vam prijati u prebrancu, juhi od graha ili u meksi\u010dkim jelima<\/p>\n","protected":false},"featured_media":4296,"template":"","meta":{"_acf_changed":false},"product_brand":[],"product_cat":[292,259,86,271],"product_tag":[],"class_list":{"0":"post-8469","1":"product","2":"type-product","3":"status-publish","4":"has-post-thumbnail","6":"product_cat-500-g-1000-g-hr","7":"product_cat-kuhanje","8":"product_cat-mahunarke","9":"product_cat-za-opskrbu-jer-se-isplati","11":"first","12":"instock","13":"taxable","14":"shipping-taxable","15":"purchasable","16":"product-type-simple"},"acf":[],"mb":[],"jetpack_sharing_enabled":true,"mfb_rest_fields":["title","jetpack_sharing_enabled"],"_links":{"self":[{"href":"https:\/\/odlicno.si\/hr\/wp-json\/wp\/v2\/product\/8469","targetHints":{"allow":["GET"]}}],"collection":[{"href":"https:\/\/odlicno.si\/hr\/wp-json\/wp\/v2\/product"}],"about":[{"href":"https:\/\/odlicno.si\/hr\/wp-json\/wp\/v2\/types\/product"}],"wp:featuredmedia":[{"embeddable":true,"href":"https:\/\/odlicno.si\/hr\/wp-json\/wp\/v2\/media\/4296"}],"wp:attachment":[{"href":"https:\/\/odlicno.si\/hr\/wp-json\/wp\/v2\/media?parent=8469"}],"wp:term":[{"taxonomy":"product_brand","embeddable":true,"href":"https:\/\/odlicno.si\/hr\/wp-json\/wp\/v2\/product_brand?post=8469"},{"taxonomy":"product_cat","embeddable":true,"href":"https:\/\/odlicno.si\/hr\/wp-json\/wp\/v2\/product_cat?post=8469"},{"taxonomy":"product_tag","embeddable":true,"href":"https:\/\/odlicno.si\/hr\/wp-json\/wp\/v2\/product_tag?post=8469"}],"curies":[{"name":"wp","href":"https:\/\/api.w.org\/{rel}","templated":true}]}}