{"id":8465,"date":"2024-12-02T11:41:55","date_gmt":"2024-12-02T10:41:55","guid":{"rendered":"https:\/\/odlicno.mojwww.si\/?post_type=product&#038;p=8465"},"modified":"2025-01-04T23:59:26","modified_gmt":"2025-01-04T22:59:26","slug":"bio-indijski-orascici-bio-odlicno","status":"publish","type":"product","link":"https:\/\/odlicno.si\/hr\/proizvodi\/100-g-300-g-hr\/bio-indijski-orascici-bio-odlicno\/","title":{"rendered":"Bio indijski ora\u0161\u010di\u0107i Bio Odli\u010dno 150 g"},"content":{"rendered":"<p>Indijski ora\u0161\u010di\u0107i iz kontroliranog <strong>ekolo\u0161kog uzgoja<\/strong> mogu se zbog nje\u017enog kremastog okusa svestrano koristiti u svakodnevnoj prehrani. Proizvod ne sadr\u017ei aditive.<\/p>\n","protected":false},"excerpt":{"rendered":"<p>Indijski ora\u0161\u010di\u0107i iz kontroliranog ekolo\u0161kog uzgoja mogu se zbog nje\u017enog kremastog okusa svestrano koristiti u svakodnevnoj prehrani. Proizvod ne sadr\u017ei aditive.<\/p>\n","protected":false},"featured_media":6006,"template":"","meta":{"_acf_changed":false},"product_brand":[],"product_cat":[286,85,256],"product_tag":[],"class_list":{"0":"post-8465","1":"product","2":"type-product","3":"status-publish","4":"has-post-thumbnail","6":"product_cat-100-g-300-g-hr","7":"product_cat-bio","8":"product_cat-za-izlete-lutanja","10":"first","11":"instock","12":"taxable","13":"shipping-taxable","14":"purchasable","15":"product-type-simple"},"acf":[],"mb":[],"jetpack_sharing_enabled":true,"mfb_rest_fields":["title","jetpack_sharing_enabled"],"_links":{"self":[{"href":"https:\/\/odlicno.si\/hr\/wp-json\/wp\/v2\/product\/8465","targetHints":{"allow":["GET"]}}],"collection":[{"href":"https:\/\/odlicno.si\/hr\/wp-json\/wp\/v2\/product"}],"about":[{"href":"https:\/\/odlicno.si\/hr\/wp-json\/wp\/v2\/types\/product"}],"wp:featuredmedia":[{"embeddable":true,"href":"https:\/\/odlicno.si\/hr\/wp-json\/wp\/v2\/media\/6006"}],"wp:attachment":[{"href":"https:\/\/odlicno.si\/hr\/wp-json\/wp\/v2\/media?parent=8465"}],"wp:term":[{"taxonomy":"product_brand","embeddable":true,"href":"https:\/\/odlicno.si\/hr\/wp-json\/wp\/v2\/product_brand?post=8465"},{"taxonomy":"product_cat","embeddable":true,"href":"https:\/\/odlicno.si\/hr\/wp-json\/wp\/v2\/product_cat?post=8465"},{"taxonomy":"product_tag","embeddable":true,"href":"https:\/\/odlicno.si\/hr\/wp-json\/wp\/v2\/product_tag?post=8465"}],"curies":[{"name":"wp","href":"https:\/\/api.w.org\/{rel}","templated":true}]}}