{"id":8464,"date":"2024-12-02T11:41:55","date_gmt":"2024-12-02T10:41:55","guid":{"rendered":"https:\/\/odlicno.mojwww.si\/?post_type=product&#038;p=8464"},"modified":"2025-01-04T23:59:17","modified_gmt":"2025-01-04T22:59:17","slug":"bio-bademi-bio-odlicno","status":"publish","type":"product","link":"https:\/\/odlicno.si\/hr\/proizvodi\/100-g-300-g-hr\/bio-bademi-bio-odlicno\/","title":{"rendered":"Bio bademi Bio Odli\u010dno 150 g"},"content":{"rendered":"<p>Hrskavi bademi iz kontroliranog uzgoja predstavljaju ukusan dodatak svakodnevnim jelovnicima. Proizvod <strong>ne sadr\u017ei aditive.<\/strong><\/p>\n<p><span style=\"font-size: 11pt;\"><span style=\"line-height: 107%;\"><span style=\"font-family: Calibri,sans-serif;\">Sni\u017eena cijena je va\u017ee\u0107a za proizvode najmanje upotrebljive do 31.11.2022.<\/span><\/span><\/span><\/p>\n","protected":false},"excerpt":{"rendered":"<p>Hrskavi bademi iz kontroliranog uzgoja predstavljaju ukusan dodatak svakodnevnim jelovnicima. Proizvod ne sadr\u017ei aditive. Sni\u017eena cijena je va\u017ee\u0107a za proizvode najmanje upotrebljive do 31.11.2022.<\/p>\n","protected":false},"featured_media":6002,"template":"","meta":{"_acf_changed":false},"product_brand":[],"product_cat":[286,85,256],"product_tag":[],"class_list":{"0":"post-8464","1":"product","2":"type-product","3":"status-publish","4":"has-post-thumbnail","6":"product_cat-100-g-300-g-hr","7":"product_cat-bio","8":"product_cat-za-izlete-lutanja","10":"first","11":"instock","12":"taxable","13":"shipping-taxable","14":"purchasable","15":"product-type-simple"},"acf":[],"mb":[],"jetpack_sharing_enabled":true,"mfb_rest_fields":["title","jetpack_sharing_enabled"],"_links":{"self":[{"href":"https:\/\/odlicno.si\/hr\/wp-json\/wp\/v2\/product\/8464","targetHints":{"allow":["GET"]}}],"collection":[{"href":"https:\/\/odlicno.si\/hr\/wp-json\/wp\/v2\/product"}],"about":[{"href":"https:\/\/odlicno.si\/hr\/wp-json\/wp\/v2\/types\/product"}],"wp:featuredmedia":[{"embeddable":true,"href":"https:\/\/odlicno.si\/hr\/wp-json\/wp\/v2\/media\/6002"}],"wp:attachment":[{"href":"https:\/\/odlicno.si\/hr\/wp-json\/wp\/v2\/media?parent=8464"}],"wp:term":[{"taxonomy":"product_brand","embeddable":true,"href":"https:\/\/odlicno.si\/hr\/wp-json\/wp\/v2\/product_brand?post=8464"},{"taxonomy":"product_cat","embeddable":true,"href":"https:\/\/odlicno.si\/hr\/wp-json\/wp\/v2\/product_cat?post=8464"},{"taxonomy":"product_tag","embeddable":true,"href":"https:\/\/odlicno.si\/hr\/wp-json\/wp\/v2\/product_tag?post=8464"}],"curies":[{"name":"wp","href":"https:\/\/api.w.org\/{rel}","templated":true}]}}