{"id":8462,"date":"2024-12-02T11:41:55","date_gmt":"2024-12-02T10:41:55","guid":{"rendered":"https:\/\/odlicno.mojwww.si\/?post_type=product&#038;p=8462"},"modified":"2024-12-03T17:00:28","modified_gmt":"2024-12-03T16:00:28","slug":"studentski-mix-odlicno-150-g","status":"publish","type":"product","link":"https:\/\/odlicno.si\/hr\/proizvodi\/mjesavine-i-grickalice\/grickalice\/studentski-mix-odlicno-150-g\/","title":{"rendered":"Studentski mix Odli\u010dno, 150 g"},"content":{"rendered":"<p>Va\u0161a i na\u0161a najomiljenija mje\u0161avina kikirikija, lje\u0161njaka, indijskih ora\u0161\u010di\u0107a, badema i gro\u017e\u0111ica. Odli\u010dan izvor energije za dane pune izazova.<\/p>\n","protected":false},"excerpt":{"rendered":"<p>Va\u0161a i na\u0161a najomiljenija mje\u0161avina kikirikija, lje\u0161njaka, indijskih ora\u0161\u010di\u0107a, badema i gro\u017e\u0111ica. Odli\u010dan izvor energije za dane pune izazova.<\/p>\n","protected":false},"featured_media":10932,"template":"","meta":{"_acf_changed":false},"product_brand":[],"product_cat":[115,114,113,256,268],"product_tag":[],"class_list":{"0":"post-8462","1":"product","2":"type-product","3":"status-publish","4":"has-post-thumbnail","6":"product_cat-grickalice","7":"product_cat-mjesavine","8":"product_cat-mjesavine-i-grickalice","9":"product_cat-za-izlete-lutanja","10":"product_cat-zabava-dogadanja","12":"first","13":"instock","14":"taxable","15":"shipping-taxable","16":"purchasable","17":"product-type-simple"},"acf":[],"mb":[],"jetpack_sharing_enabled":true,"mfb_rest_fields":["title","jetpack_sharing_enabled"],"_links":{"self":[{"href":"https:\/\/odlicno.si\/hr\/wp-json\/wp\/v2\/product\/8462","targetHints":{"allow":["GET"]}}],"collection":[{"href":"https:\/\/odlicno.si\/hr\/wp-json\/wp\/v2\/product"}],"about":[{"href":"https:\/\/odlicno.si\/hr\/wp-json\/wp\/v2\/types\/product"}],"wp:featuredmedia":[{"embeddable":true,"href":"https:\/\/odlicno.si\/hr\/wp-json\/wp\/v2\/media\/10932"}],"wp:attachment":[{"href":"https:\/\/odlicno.si\/hr\/wp-json\/wp\/v2\/media?parent=8462"}],"wp:term":[{"taxonomy":"product_brand","embeddable":true,"href":"https:\/\/odlicno.si\/hr\/wp-json\/wp\/v2\/product_brand?post=8462"},{"taxonomy":"product_cat","embeddable":true,"href":"https:\/\/odlicno.si\/hr\/wp-json\/wp\/v2\/product_cat?post=8462"},{"taxonomy":"product_tag","embeddable":true,"href":"https:\/\/odlicno.si\/hr\/wp-json\/wp\/v2\/product_tag?post=8462"}],"curies":[{"name":"wp","href":"https:\/\/api.w.org\/{rel}","templated":true}]}}