{"id":8461,"date":"2024-12-02T11:32:07","date_gmt":"2024-12-02T10:32:07","guid":{"rendered":"https:\/\/odlicno.mojwww.si\/?post_type=product&#038;p=8461"},"modified":"2024-12-03T17:00:27","modified_gmt":"2024-12-03T16:00:27","slug":"suha-brusnica-odlicno-100-g","status":"publish","type":"product","link":"https:\/\/odlicno.si\/hr\/proizvodi\/60-g-100-g-hr\/suha-brusnica-odlicno-100-g\/","title":{"rendered":"Suha brusnica Odli\u010dno, 100 g"},"content":{"rendered":"<p><strong>Mekane slatko-kisele<\/strong> brusnice odli\u010dan su izbor za pe\u010denje peciva, pripremu mje\u0161avine za doru\u010dak ili samostalno zasla\u0111ivanje.&nbsp;<\/p>\n","protected":false},"excerpt":{"rendered":"<p>Mekane slatko-kisele brusnice odli\u010dan su izbor za pe\u010denje peciva, pripremu mje\u0161avine za doru\u010dak ili samostalno zasla\u0111ivanje.&nbsp;<\/p>\n","protected":false},"featured_media":4804,"template":"","meta":{"_acf_changed":false},"product_brand":[],"product_cat":[284,259,265,123,256,262],"product_tag":[],"class_list":{"0":"post-8461","1":"product","2":"type-product","3":"status-publish","4":"has-post-thumbnail","6":"product_cat-60-g-100-g-hr","7":"product_cat-kuhanje","8":"product_cat-pecenje","9":"product_cat-suho-voce","10":"product_cat-za-izlete-lutanja","11":"product_cat-za-uzgred","13":"first","14":"instock","15":"taxable","16":"shipping-taxable","17":"purchasable","18":"product-type-simple"},"acf":[],"mb":[],"jetpack_sharing_enabled":true,"mfb_rest_fields":["title","jetpack_sharing_enabled"],"_links":{"self":[{"href":"https:\/\/odlicno.si\/hr\/wp-json\/wp\/v2\/product\/8461","targetHints":{"allow":["GET"]}}],"collection":[{"href":"https:\/\/odlicno.si\/hr\/wp-json\/wp\/v2\/product"}],"about":[{"href":"https:\/\/odlicno.si\/hr\/wp-json\/wp\/v2\/types\/product"}],"wp:featuredmedia":[{"embeddable":true,"href":"https:\/\/odlicno.si\/hr\/wp-json\/wp\/v2\/media\/4804"}],"wp:attachment":[{"href":"https:\/\/odlicno.si\/hr\/wp-json\/wp\/v2\/media?parent=8461"}],"wp:term":[{"taxonomy":"product_brand","embeddable":true,"href":"https:\/\/odlicno.si\/hr\/wp-json\/wp\/v2\/product_brand?post=8461"},{"taxonomy":"product_cat","embeddable":true,"href":"https:\/\/odlicno.si\/hr\/wp-json\/wp\/v2\/product_cat?post=8461"},{"taxonomy":"product_tag","embeddable":true,"href":"https:\/\/odlicno.si\/hr\/wp-json\/wp\/v2\/product_tag?post=8461"}],"curies":[{"name":"wp","href":"https:\/\/api.w.org\/{rel}","templated":true}]}}