{"id":8458,"date":"2024-12-02T11:32:06","date_gmt":"2024-12-02T10:32:06","guid":{"rendered":"https:\/\/odlicno.mojwww.si\/?post_type=product&#038;p=8458"},"modified":"2025-01-06T13:16:52","modified_gmt":"2025-01-06T12:16:52","slug":"indijski-orascici-s-tartufima-tasty-2","status":"publish","type":"product","link":"https:\/\/odlicno.si\/hr\/proizvodi\/100-g-300-g-hr\/indijski-orascici-s-tartufima-tasty-2\/","title":{"rendered":"Indijski ora\u0161\u010di\u0107i s tartufima Tasty 150g"},"content":{"rendered":"<p>Dobitnik <strong>nagrade za najbolju grickalicu<\/strong> na Wabel Summitu 2017. u Parizu!<\/p>\n<p>Kremasti indijski ora\u0161\u010di\u0107i, svje\u017ee pr\u017eeni u na\u0161oj <strong>vlastitoj pr\u017eionici<\/strong>. Dodali smo im komadi\u0107e <strong>pravih talijanskih crnih tartufa<\/strong>, zbog \u010dega njihova aroma predstavlja ne\u0161to posebno te pru\u017ea pravi gurmanski do\u017eivljaj. Pakirani su u kontroliranoj atmosferi kako bi <strong>sa\u010duvali hrskavost i autenti\u010dni okus.\u00a0<\/strong><\/p>\n","protected":false},"excerpt":{"rendered":"<p>Dobitnik nagrade za najbolju grickalicu na Wabel Summitu 2017. u Parizu! Kremasti indijski ora\u0161\u010di\u0107i, svje\u017ee pr\u017eeni u na\u0161oj vlastitoj pr\u017eionici. Dodali smo im komadi\u0107e pravih talijanskih crnih tartufa, zbog \u010dega njihova aroma predstavlja ne\u0161to posebno te pru\u017ea pravi gurmanski do\u017eivljaj. Pakirani su u kontroliranoj atmosferi kako bi sa\u010duvali hrskavost i autenti\u010dni okus.\u00a0<\/p>\n","protected":false},"featured_media":4912,"template":"","meta":{"_acf_changed":false},"product_brand":[],"product_cat":[286,122,268],"product_tag":[],"class_list":{"0":"post-8458","1":"product","2":"type-product","3":"status-publish","4":"has-post-thumbnail","6":"product_cat-100-g-300-g-hr","7":"product_cat-premium","8":"product_cat-zabava-dogadanja","10":"first","11":"instock","12":"taxable","13":"shipping-taxable","14":"purchasable","15":"product-type-simple"},"acf":[],"mb":[],"jetpack_sharing_enabled":true,"mfb_rest_fields":["title","jetpack_sharing_enabled"],"_links":{"self":[{"href":"https:\/\/odlicno.si\/hr\/wp-json\/wp\/v2\/product\/8458","targetHints":{"allow":["GET"]}}],"collection":[{"href":"https:\/\/odlicno.si\/hr\/wp-json\/wp\/v2\/product"}],"about":[{"href":"https:\/\/odlicno.si\/hr\/wp-json\/wp\/v2\/types\/product"}],"wp:featuredmedia":[{"embeddable":true,"href":"https:\/\/odlicno.si\/hr\/wp-json\/wp\/v2\/media\/4912"}],"wp:attachment":[{"href":"https:\/\/odlicno.si\/hr\/wp-json\/wp\/v2\/media?parent=8458"}],"wp:term":[{"taxonomy":"product_brand","embeddable":true,"href":"https:\/\/odlicno.si\/hr\/wp-json\/wp\/v2\/product_brand?post=8458"},{"taxonomy":"product_cat","embeddable":true,"href":"https:\/\/odlicno.si\/hr\/wp-json\/wp\/v2\/product_cat?post=8458"},{"taxonomy":"product_tag","embeddable":true,"href":"https:\/\/odlicno.si\/hr\/wp-json\/wp\/v2\/product_tag?post=8458"}],"curies":[{"name":"wp","href":"https:\/\/api.w.org\/{rel}","templated":true}]}}