{"id":8457,"date":"2024-12-02T11:32:06","date_gmt":"2024-12-02T10:32:06","guid":{"rendered":"https:\/\/odlicno.mojwww.si\/?post_type=product&#038;p=8457"},"modified":"2025-01-06T13:17:22","modified_gmt":"2025-01-06T12:17:22","slug":"bademi-cili-limeta-tasty-2","status":"publish","type":"product","link":"https:\/\/odlicno.si\/hr\/proizvodi\/100-g-300-g-hr\/bademi-cili-limeta-tasty-2\/","title":{"rendered":"Bademi \u010dili &amp; limeta Tasty 150g"},"content":{"rendered":"<p class=\"text-align-justify\">Hrskavi bademi pr\u017eeni u na\u0161oj <strong>vlastitoj pr\u017eionici.<\/strong> Dodali smo im <strong>komadi\u0107e pravog \u010dilija<\/strong> te prirodnu aromu limete. Karakterizira ih <strong>ugodan pikantan okus<\/strong>, savr\u0161eno zaokru\u017een aromom agruma i dima.<\/p>\n<p class=\"text-align-justify\">Pakirani su u kontroliranoj atmosferi kako bi <strong>sa\u010duvali hrskavost i autenti\u010dni okus.<\/strong><\/p>\n","protected":false},"excerpt":{"rendered":"<p>Hrskavi bademi pr\u017eeni u na\u0161oj vlastitoj pr\u017eionici. Dodali smo im komadi\u0107e pravog \u010dilija te prirodnu aromu limete. Karakterizira ih ugodan pikantan okus, savr\u0161eno zaokru\u017een aromom agruma i dima. Pakirani su u kontroliranoj atmosferi kako bi sa\u010duvali hrskavost i autenti\u010dni okus.<\/p>\n","protected":false},"featured_media":4948,"template":"","meta":{"_acf_changed":false},"product_brand":[],"product_cat":[286,122,268],"product_tag":[],"class_list":{"0":"post-8457","1":"product","2":"type-product","3":"status-publish","4":"has-post-thumbnail","6":"product_cat-100-g-300-g-hr","7":"product_cat-premium","8":"product_cat-zabava-dogadanja","10":"first","11":"outofstock","12":"taxable","13":"shipping-taxable","14":"purchasable","15":"product-type-simple"},"acf":[],"mb":[],"jetpack_sharing_enabled":true,"mfb_rest_fields":["title","jetpack_sharing_enabled"],"_links":{"self":[{"href":"https:\/\/odlicno.si\/hr\/wp-json\/wp\/v2\/product\/8457","targetHints":{"allow":["GET"]}}],"collection":[{"href":"https:\/\/odlicno.si\/hr\/wp-json\/wp\/v2\/product"}],"about":[{"href":"https:\/\/odlicno.si\/hr\/wp-json\/wp\/v2\/types\/product"}],"wp:featuredmedia":[{"embeddable":true,"href":"https:\/\/odlicno.si\/hr\/wp-json\/wp\/v2\/media\/4948"}],"wp:attachment":[{"href":"https:\/\/odlicno.si\/hr\/wp-json\/wp\/v2\/media?parent=8457"}],"wp:term":[{"taxonomy":"product_brand","embeddable":true,"href":"https:\/\/odlicno.si\/hr\/wp-json\/wp\/v2\/product_brand?post=8457"},{"taxonomy":"product_cat","embeddable":true,"href":"https:\/\/odlicno.si\/hr\/wp-json\/wp\/v2\/product_cat?post=8457"},{"taxonomy":"product_tag","embeddable":true,"href":"https:\/\/odlicno.si\/hr\/wp-json\/wp\/v2\/product_tag?post=8457"}],"curies":[{"name":"wp","href":"https:\/\/api.w.org\/{rel}","templated":true}]}}