{"id":8456,"date":"2024-12-02T11:32:06","date_gmt":"2024-12-02T10:32:06","guid":{"rendered":"https:\/\/odlicno.mojwww.si\/?post_type=product&#038;p=8456"},"modified":"2025-01-05T00:11:58","modified_gmt":"2025-01-04T23:11:58","slug":"bademi-s-medom-sezamom-brusnicama-tasty","status":"publish","type":"product","link":"https:\/\/odlicno.si\/hr\/proizvodi\/100-g-300-g-hr\/bademi-s-medom-sezamom-brusnicama-tasty\/","title":{"rendered":"Bademi s medom, sezamom &amp; brusnicama Tasty 150 g"},"content":{"rendered":"<p class=\"text-align-justify\">Hrskava mje\u0161avina blan\u0161iranih i neblan\u0161iranih badema pr\u017eenih u<strong> na\u0161oj vlastitoj pr\u017eionici<\/strong>. Dodajemo im sezam, komadi\u0107e suhih brusnica i <strong>pravi med<\/strong>, \u010dime dobivamo odli\u010dnu slatku grickalicu <strong>zanimljive teksture<\/strong> i <strong>ugodnog okusa.<\/strong><\/p>\n<p class=\"text-align-justify\">Pakirani su u kontroliranoj atmosferi kako bi sa\u010duvali <strong>hrskavost i autenti\u010dni okus.<\/strong><\/p>\n<p class=\"text-align-justify\">Sni\u017eena cijena je va\u017ee\u0107a za proizvode najmanje upotrebljive do 09\/2022.<\/p>\n","protected":false},"excerpt":{"rendered":"<p>Hrskava mje\u0161avina blan\u0161iranih i neblan\u0161iranih badema pr\u017eenih u na\u0161oj vlastitoj pr\u017eionici. Dodajemo im sezam, komadi\u0107e suhih brusnica i pravi med, \u010dime dobivamo odli\u010dnu slatku grickalicu zanimljive teksture i ugodnog okusa. Pakirani su u kontroliranoj atmosferi kako bi sa\u010duvali hrskavost i autenti\u010dni okus. Sni\u017eena cijena je va\u017ee\u0107a za proizvode najmanje upotrebljive do 09\/2022.<\/p>\n","protected":false},"featured_media":4980,"template":"","meta":{"_acf_changed":false},"product_brand":[],"product_cat":[286,122,268],"product_tag":[],"class_list":{"0":"post-8456","1":"product","2":"type-product","3":"status-publish","4":"has-post-thumbnail","6":"product_cat-100-g-300-g-hr","7":"product_cat-premium","8":"product_cat-zabava-dogadanja","10":"first","11":"outofstock","12":"taxable","13":"shipping-taxable","14":"purchasable","15":"product-type-simple"},"acf":[],"mb":[],"jetpack_sharing_enabled":true,"mfb_rest_fields":["title","jetpack_sharing_enabled"],"_links":{"self":[{"href":"https:\/\/odlicno.si\/hr\/wp-json\/wp\/v2\/product\/8456","targetHints":{"allow":["GET"]}}],"collection":[{"href":"https:\/\/odlicno.si\/hr\/wp-json\/wp\/v2\/product"}],"about":[{"href":"https:\/\/odlicno.si\/hr\/wp-json\/wp\/v2\/types\/product"}],"wp:featuredmedia":[{"embeddable":true,"href":"https:\/\/odlicno.si\/hr\/wp-json\/wp\/v2\/media\/4980"}],"wp:attachment":[{"href":"https:\/\/odlicno.si\/hr\/wp-json\/wp\/v2\/media?parent=8456"}],"wp:term":[{"taxonomy":"product_brand","embeddable":true,"href":"https:\/\/odlicno.si\/hr\/wp-json\/wp\/v2\/product_brand?post=8456"},{"taxonomy":"product_cat","embeddable":true,"href":"https:\/\/odlicno.si\/hr\/wp-json\/wp\/v2\/product_cat?post=8456"},{"taxonomy":"product_tag","embeddable":true,"href":"https:\/\/odlicno.si\/hr\/wp-json\/wp\/v2\/product_tag?post=8456"}],"curies":[{"name":"wp","href":"https:\/\/api.w.org\/{rel}","templated":true}]}}