{"id":8454,"date":"2024-12-02T11:32:06","date_gmt":"2024-12-02T10:32:06","guid":{"rendered":"https:\/\/odlicno.mojwww.si\/?post_type=product&#038;p=8454"},"modified":"2024-12-04T13:37:33","modified_gmt":"2024-12-04T12:37:33","slug":"sir-cili-indijski-orascici-tasty-2","status":"publish","type":"product","link":"https:\/\/odlicno.si\/hr\/proizvodi\/100-g-300-g-hr\/sir-cili-indijski-orascici-tasty-2\/","title":{"rendered":"Sir &amp; \u010dili indijski ora\u0161\u010di\u0107i Tasty 150g"},"content":{"rendered":"<p>Kremasti indijski ora\u0161\u010di\u0107i, svje\u017ee pr\u017eeni u na\u0161oj vlastitoj pr\u017eionici. Dodali smo im <strong>komadi\u0107e pravog sira i \u010dilija<\/strong>, stoga imaju ugodnu pikantnu aromu i predstavljaju odli\u010dnu grickalicu za prave gurmane.<\/p>\n<p>Pakirani su u kontroliranoj atmosferi kako bi sa\u010duvali <strong>hrskavost i autenti\u010dni okus.<\/strong><\/p>\n<p><span style=\"font-size: 11.0pt;\"><span style=\"line-height: 107%;\"><span style=\"font-family: 'Calibri',sans-serif;\">Sni\u017eena cijena je va\u017ee\u0107a za proizvode najmanje upotrebljive do 12\/2022.<\/span><\/span><\/span><\/p>\n","protected":false},"excerpt":{"rendered":"<p>Kremasti indijski ora\u0161\u010di\u0107i, svje\u017ee pr\u017eeni u na\u0161oj vlastitoj pr\u017eionici. Dodali smo im komadi\u0107e pravog sira i \u010dilija, stoga imaju ugodnu pikantnu aromu i predstavljaju odli\u010dnu grickalicu za prave gurmane. Pakirani su u kontroliranoj atmosferi kako bi sa\u010duvali hrskavost i autenti\u010dni okus. Sni\u017eena cijena je va\u017ee\u0107a za proizvode najmanje upotrebljive do 12\/2022.<\/p>\n","protected":false},"featured_media":4924,"template":"","meta":{"_acf_changed":false},"product_brand":[],"product_cat":[286,122,268],"product_tag":[],"class_list":{"0":"post-8454","1":"product","2":"type-product","3":"status-publish","4":"has-post-thumbnail","6":"product_cat-100-g-300-g-hr","7":"product_cat-premium","8":"product_cat-zabava-dogadanja","10":"first","11":"outofstock","12":"taxable","13":"shipping-taxable","14":"purchasable","15":"product-type-simple"},"acf":[],"mb":[],"jetpack_sharing_enabled":true,"mfb_rest_fields":["title","jetpack_sharing_enabled"],"_links":{"self":[{"href":"https:\/\/odlicno.si\/hr\/wp-json\/wp\/v2\/product\/8454","targetHints":{"allow":["GET"]}}],"collection":[{"href":"https:\/\/odlicno.si\/hr\/wp-json\/wp\/v2\/product"}],"about":[{"href":"https:\/\/odlicno.si\/hr\/wp-json\/wp\/v2\/types\/product"}],"wp:featuredmedia":[{"embeddable":true,"href":"https:\/\/odlicno.si\/hr\/wp-json\/wp\/v2\/media\/4924"}],"wp:attachment":[{"href":"https:\/\/odlicno.si\/hr\/wp-json\/wp\/v2\/media?parent=8454"}],"wp:term":[{"taxonomy":"product_brand","embeddable":true,"href":"https:\/\/odlicno.si\/hr\/wp-json\/wp\/v2\/product_brand?post=8454"},{"taxonomy":"product_cat","embeddable":true,"href":"https:\/\/odlicno.si\/hr\/wp-json\/wp\/v2\/product_cat?post=8454"},{"taxonomy":"product_tag","embeddable":true,"href":"https:\/\/odlicno.si\/hr\/wp-json\/wp\/v2\/product_tag?post=8454"}],"curies":[{"name":"wp","href":"https:\/\/api.w.org\/{rel}","templated":true}]}}