{"id":8448,"date":"2024-12-02T11:32:05","date_gmt":"2024-12-02T10:32:05","guid":{"rendered":"https:\/\/odlicno.mojwww.si\/?post_type=product&#038;p=8448"},"modified":"2024-12-03T17:00:19","modified_gmt":"2024-12-03T16:00:19","slug":"suha-sljiva-bez-kostice-bez-konzervansa-odlicno-200-g","status":"publish","type":"product","link":"https:\/\/odlicno.si\/hr\/proizvodi\/100-g-300-g-hr\/suha-sljiva-bez-kostice-bez-konzervansa-odlicno-200-g\/","title":{"rendered":"Suha \u0161ljiva bez ko\u0161tice &amp; bez konzervansa Odli\u010dno, 200 g"},"content":{"rendered":"<p><strong>Mekane i so\u010dne<\/strong> pasterizirane suhe \u0161ljive, <strong>bez dodatka konzervansa<\/strong>. U\u017eivajte u prirodno <strong>slatkom okusu<\/strong> \u0161ljiva svaki dan!<\/p>\n","protected":false},"excerpt":{"rendered":"<p>Mekane i so\u010dne pasterizirane suhe \u0161ljive, bez dodatka konzervansa. U\u017eivajte u prirodno slatkom okusu \u0161ljiva svaki dan!<\/p>\n","protected":false},"featured_media":4812,"template":"","meta":{"_acf_changed":false},"product_brand":[],"product_cat":[286,265,123],"product_tag":[],"class_list":{"0":"post-8448","1":"product","2":"type-product","3":"status-publish","4":"has-post-thumbnail","6":"product_cat-100-g-300-g-hr","7":"product_cat-pecenje","8":"product_cat-suho-voce","10":"first","11":"instock","12":"taxable","13":"shipping-taxable","14":"purchasable","15":"product-type-simple"},"acf":[],"mb":[],"jetpack_sharing_enabled":true,"mfb_rest_fields":["title","jetpack_sharing_enabled"],"_links":{"self":[{"href":"https:\/\/odlicno.si\/hr\/wp-json\/wp\/v2\/product\/8448","targetHints":{"allow":["GET"]}}],"collection":[{"href":"https:\/\/odlicno.si\/hr\/wp-json\/wp\/v2\/product"}],"about":[{"href":"https:\/\/odlicno.si\/hr\/wp-json\/wp\/v2\/types\/product"}],"wp:featuredmedia":[{"embeddable":true,"href":"https:\/\/odlicno.si\/hr\/wp-json\/wp\/v2\/media\/4812"}],"wp:attachment":[{"href":"https:\/\/odlicno.si\/hr\/wp-json\/wp\/v2\/media?parent=8448"}],"wp:term":[{"taxonomy":"product_brand","embeddable":true,"href":"https:\/\/odlicno.si\/hr\/wp-json\/wp\/v2\/product_brand?post=8448"},{"taxonomy":"product_cat","embeddable":true,"href":"https:\/\/odlicno.si\/hr\/wp-json\/wp\/v2\/product_cat?post=8448"},{"taxonomy":"product_tag","embeddable":true,"href":"https:\/\/odlicno.si\/hr\/wp-json\/wp\/v2\/product_tag?post=8448"}],"curies":[{"name":"wp","href":"https:\/\/api.w.org\/{rel}","templated":true}]}}