{"id":8447,"date":"2024-12-02T11:41:33","date_gmt":"2024-12-02T10:41:33","guid":{"rendered":"https:\/\/odlicno.mojwww.si\/?post_type=product&#038;p=8447"},"modified":"2025-01-05T00:00:37","modified_gmt":"2025-01-04T23:00:37","slug":"przeni-kikiriki-bez-dodanog-ulja-soli-on-the-go-odlicno","status":"publish","type":"product","link":"https:\/\/odlicno.si\/hr\/proizvodi\/mjesavine-i-grickalice\/grickalice\/przeni-kikiriki-bez-dodanog-ulja-soli-on-the-go-odlicno\/","title":{"rendered":"Pr\u017eeni kikiriki bez dodanog ulja &amp; soli On the go Odli\u010dno 60 g"},"content":{"rendered":"<p>Kikiriki je pr\u017een vru\u0107im zrakom, hrskav i odli\u010dnog je okusa. Proizvod je u potpunosti bez aditiva.<\/p>\n","protected":false},"excerpt":{"rendered":"<p>Kikiriki je pr\u017een vru\u0107im zrakom, hrskav i odli\u010dnog je okusa. Proizvod je u potpunosti bez aditiva.<\/p>\n","protected":false},"featured_media":11398,"template":"","meta":{"_acf_changed":false},"product_brand":[],"product_cat":[281,115,118,113,117,256,262,268],"product_tag":[],"class_list":{"0":"post-8447","1":"product","2":"type-product","3":"status-publish","4":"has-post-thumbnail","6":"product_cat-35-g-60-g-hr","7":"product_cat-grickalice","8":"product_cat-kikiriki","9":"product_cat-mjesavine-i-grickalice","10":"product_cat-orascici-sjemenke","11":"product_cat-za-izlete-lutanja","12":"product_cat-za-uzgred","13":"product_cat-zabava-dogadanja","15":"first","16":"instock","17":"taxable","18":"shipping-taxable","19":"purchasable","20":"product-type-simple"},"acf":[],"mb":[],"jetpack_sharing_enabled":true,"mfb_rest_fields":["title","jetpack_sharing_enabled"],"_links":{"self":[{"href":"https:\/\/odlicno.si\/hr\/wp-json\/wp\/v2\/product\/8447","targetHints":{"allow":["GET"]}}],"collection":[{"href":"https:\/\/odlicno.si\/hr\/wp-json\/wp\/v2\/product"}],"about":[{"href":"https:\/\/odlicno.si\/hr\/wp-json\/wp\/v2\/types\/product"}],"wp:featuredmedia":[{"embeddable":true,"href":"https:\/\/odlicno.si\/hr\/wp-json\/wp\/v2\/media\/11398"}],"wp:attachment":[{"href":"https:\/\/odlicno.si\/hr\/wp-json\/wp\/v2\/media?parent=8447"}],"wp:term":[{"taxonomy":"product_brand","embeddable":true,"href":"https:\/\/odlicno.si\/hr\/wp-json\/wp\/v2\/product_brand?post=8447"},{"taxonomy":"product_cat","embeddable":true,"href":"https:\/\/odlicno.si\/hr\/wp-json\/wp\/v2\/product_cat?post=8447"},{"taxonomy":"product_tag","embeddable":true,"href":"https:\/\/odlicno.si\/hr\/wp-json\/wp\/v2\/product_tag?post=8447"}],"curies":[{"name":"wp","href":"https:\/\/api.w.org\/{rel}","templated":true}]}}