{"id":8446,"date":"2024-12-02T11:32:05","date_gmt":"2024-12-02T10:32:05","guid":{"rendered":"https:\/\/odlicno.mojwww.si\/?post_type=product&#038;p=8446"},"modified":"2025-06-24T12:59:43","modified_gmt":"2025-06-24T11:59:43","slug":"studentski-mix-odlicno-60-g","status":"publish","type":"product","link":"https:\/\/odlicno.si\/hr\/proizvodi\/mjesavine-i-grickalice\/grickalice\/studentski-mix-odlicno-60-g\/","title":{"rendered":"Studentska hrana On the go Odli\u010dno, 60 g"},"content":{"rendered":"<p>Va\u0161a i na\u0161a <strong>najomiljenija mje\u0161avina<\/strong> kikirikija, lje\u0161njaka, badema i gro\u017e\u0111ica. Odli\u010dan izvor energije <strong>za dane pune izazova.<\/strong><\/p>\n","protected":false},"excerpt":{"rendered":"<p>Va\u0161a i na\u0161a najomiljenija mje\u0161avina kikirikija, lje\u0161njaka, badema i gro\u017e\u0111ica. Odli\u010dan izvor energije za dane pune izazova.<\/p>\n","protected":false},"featured_media":9517,"template":"","meta":{"_acf_changed":false},"product_brand":[],"product_cat":[281,115,114,113,304,256,262,268],"product_tag":[],"class_list":{"0":"post-8446","1":"product","2":"type-product","3":"status-publish","4":"has-post-thumbnail","6":"product_cat-35-g-60-g-hr","7":"product_cat-grickalice","8":"product_cat-mjesavine","9":"product_cat-mjesavine-i-grickalice","10":"product_cat-prodajni-hiti","11":"product_cat-za-izlete-lutanja","12":"product_cat-za-uzgred","13":"product_cat-zabava-dogadanja","15":"first","16":"instock","17":"taxable","18":"shipping-taxable","19":"purchasable","20":"product-type-simple"},"acf":[],"mb":[],"jetpack_sharing_enabled":true,"mfb_rest_fields":["title","jetpack_sharing_enabled"],"_links":{"self":[{"href":"https:\/\/odlicno.si\/hr\/wp-json\/wp\/v2\/product\/8446","targetHints":{"allow":["GET"]}}],"collection":[{"href":"https:\/\/odlicno.si\/hr\/wp-json\/wp\/v2\/product"}],"about":[{"href":"https:\/\/odlicno.si\/hr\/wp-json\/wp\/v2\/types\/product"}],"wp:featuredmedia":[{"embeddable":true,"href":"https:\/\/odlicno.si\/hr\/wp-json\/wp\/v2\/media\/9517"}],"wp:attachment":[{"href":"https:\/\/odlicno.si\/hr\/wp-json\/wp\/v2\/media?parent=8446"}],"wp:term":[{"taxonomy":"product_brand","embeddable":true,"href":"https:\/\/odlicno.si\/hr\/wp-json\/wp\/v2\/product_brand?post=8446"},{"taxonomy":"product_cat","embeddable":true,"href":"https:\/\/odlicno.si\/hr\/wp-json\/wp\/v2\/product_cat?post=8446"},{"taxonomy":"product_tag","embeddable":true,"href":"https:\/\/odlicno.si\/hr\/wp-json\/wp\/v2\/product_tag?post=8446"}],"curies":[{"name":"wp","href":"https:\/\/api.w.org\/{rel}","templated":true}]}}