{"id":8444,"date":"2024-12-02T11:41:33","date_gmt":"2024-12-02T10:41:33","guid":{"rendered":"https:\/\/odlicno.mojwww.si\/?post_type=product&#038;p=8444"},"modified":"2024-12-03T17:00:16","modified_gmt":"2024-12-03T16:00:16","slug":"przeni-slani-orascici-odlicno-60-g","status":"publish","type":"product","link":"https:\/\/odlicno.si\/hr\/proizvodi\/mjesavine-i-grickalice\/grickalice\/przeni-slani-orascici-odlicno-60-g\/","title":{"rendered":"Pr\u017eeni &amp; slani ora\u0161\u010di\u0107i Odli\u010dno, 60 g"},"content":{"rendered":"<p><strong>Hrskava mje\u0161avina <\/strong>svje\u017ee pr\u017eenog i slanog kikirikija, badema i indijskih ora\u0161\u010di\u0107a. Ora\u0161\u010di\u0107i su pr\u017eeni u suncokretovom ulju.<\/p>\n<p>&nbsp;<\/p>\n","protected":false},"excerpt":{"rendered":"<p>Hrskava mje\u0161avina svje\u017ee pr\u017eenog i slanog kikirikija, badema i indijskih ora\u0161\u010di\u0107a. Ora\u0161\u010di\u0107i su pr\u017eeni u suncokretovom ulju. &nbsp;<\/p>\n","protected":false},"featured_media":12903,"template":"","meta":{"_acf_changed":false},"product_brand":[],"product_cat":[281,115,114,113,262],"product_tag":[],"class_list":{"0":"post-8444","1":"product","2":"type-product","3":"status-publish","4":"has-post-thumbnail","6":"product_cat-35-g-60-g-hr","7":"product_cat-grickalice","8":"product_cat-mjesavine","9":"product_cat-mjesavine-i-grickalice","10":"product_cat-za-uzgred","12":"first","13":"instock","14":"taxable","15":"shipping-taxable","16":"purchasable","17":"product-type-simple"},"acf":[],"mb":[],"jetpack_sharing_enabled":true,"mfb_rest_fields":["title","jetpack_sharing_enabled"],"_links":{"self":[{"href":"https:\/\/odlicno.si\/hr\/wp-json\/wp\/v2\/product\/8444","targetHints":{"allow":["GET"]}}],"collection":[{"href":"https:\/\/odlicno.si\/hr\/wp-json\/wp\/v2\/product"}],"about":[{"href":"https:\/\/odlicno.si\/hr\/wp-json\/wp\/v2\/types\/product"}],"wp:featuredmedia":[{"embeddable":true,"href":"https:\/\/odlicno.si\/hr\/wp-json\/wp\/v2\/media\/12903"}],"wp:attachment":[{"href":"https:\/\/odlicno.si\/hr\/wp-json\/wp\/v2\/media?parent=8444"}],"wp:term":[{"taxonomy":"product_brand","embeddable":true,"href":"https:\/\/odlicno.si\/hr\/wp-json\/wp\/v2\/product_brand?post=8444"},{"taxonomy":"product_cat","embeddable":true,"href":"https:\/\/odlicno.si\/hr\/wp-json\/wp\/v2\/product_cat?post=8444"},{"taxonomy":"product_tag","embeddable":true,"href":"https:\/\/odlicno.si\/hr\/wp-json\/wp\/v2\/product_tag?post=8444"}],"curies":[{"name":"wp","href":"https:\/\/api.w.org\/{rel}","templated":true}]}}