{"id":8443,"date":"2024-12-02T11:41:33","date_gmt":"2024-12-02T10:41:33","guid":{"rendered":"https:\/\/odlicno.mojwww.si\/?post_type=product&#038;p=8443"},"modified":"2025-01-04T23:59:51","modified_gmt":"2025-01-04T22:59:51","slug":"przeni-kikiriki-bez-dodanog-ulja-soli-odlicno-18-2-gratis","status":"publish","type":"product","link":"https:\/\/odlicno.si\/hr\/proizvodi\/orascici-sjemenke\/kikiriki\/przeni-kikiriki-bez-dodanog-ulja-soli-odlicno-18-2-gratis\/","title":{"rendered":"Pr\u017eeni kikiriki bez dodanog ulja &amp; soli Odli\u010dno, 18 + 2 gratis 20 x 60 g"},"content":{"rendered":"<p>Kupite cijelu kutiju pakovanja pr\u017eenog &amp; neslanog kikirikija i u\u0161tedite!<\/p>\n","protected":false},"excerpt":{"rendered":"<p>Kupite cijelu kutiju pakovanja pr\u017eenog &amp; neslanog kikirikija i u\u0161tedite!<\/p>\n","protected":false},"featured_media":11402,"template":"","meta":{"_acf_changed":false},"product_brand":[],"product_cat":[281,118,117,271],"product_tag":[],"class_list":{"0":"post-8443","1":"product","2":"type-product","3":"status-publish","4":"has-post-thumbnail","6":"product_cat-35-g-60-g-hr","7":"product_cat-kikiriki","8":"product_cat-orascici-sjemenke","9":"product_cat-za-opskrbu-jer-se-isplati","11":"first","12":"instock","13":"sale","14":"taxable","15":"shipping-taxable","16":"purchasable","17":"product-type-simple"},"acf":[],"mb":[],"jetpack_sharing_enabled":true,"mfb_rest_fields":["title","jetpack_sharing_enabled"],"_links":{"self":[{"href":"https:\/\/odlicno.si\/hr\/wp-json\/wp\/v2\/product\/8443","targetHints":{"allow":["GET"]}}],"collection":[{"href":"https:\/\/odlicno.si\/hr\/wp-json\/wp\/v2\/product"}],"about":[{"href":"https:\/\/odlicno.si\/hr\/wp-json\/wp\/v2\/types\/product"}],"wp:featuredmedia":[{"embeddable":true,"href":"https:\/\/odlicno.si\/hr\/wp-json\/wp\/v2\/media\/11402"}],"wp:attachment":[{"href":"https:\/\/odlicno.si\/hr\/wp-json\/wp\/v2\/media?parent=8443"}],"wp:term":[{"taxonomy":"product_brand","embeddable":true,"href":"https:\/\/odlicno.si\/hr\/wp-json\/wp\/v2\/product_brand?post=8443"},{"taxonomy":"product_cat","embeddable":true,"href":"https:\/\/odlicno.si\/hr\/wp-json\/wp\/v2\/product_cat?post=8443"},{"taxonomy":"product_tag","embeddable":true,"href":"https:\/\/odlicno.si\/hr\/wp-json\/wp\/v2\/product_tag?post=8443"}],"curies":[{"name":"wp","href":"https:\/\/api.w.org\/{rel}","templated":true}]}}