{"id":8441,"date":"2024-12-02T11:41:32","date_gmt":"2024-12-02T10:41:32","guid":{"rendered":"https:\/\/odlicno.mojwww.si\/?post_type=product&#038;p=8441"},"modified":"2025-01-05T00:03:11","modified_gmt":"2025-01-04T23:03:11","slug":"studentski-mix-odlicno-18-2-gratis","status":"publish","type":"product","link":"https:\/\/odlicno.si\/hr\/proizvodi\/35-g-60-g-hr\/studentski-mix-odlicno-18-2-gratis\/","title":{"rendered":"Studentski mix Odli\u010dno, 18 + 2 gratis 20 x 60 g"},"content":{"rendered":"<p>Va\u0161a i na\u0161a <strong>najomiljenija mje\u0161avina<\/strong> kikirikija, lje\u0161njaka, badema i gro\u017e\u0111ica. Odli\u010dan izvor energije za dane pune izazova. Kupi cijeli karton pakovanja studentske hrane od 60 grama i u\u0161tedi!<\/p>\n","protected":false},"excerpt":{"rendered":"<p>Va\u0161a i na\u0161a najomiljenija mje\u0161avina kikirikija, lje\u0161njaka, badema i gro\u017e\u0111ica. Odli\u010dan izvor energije za dane pune izazova. Kupi cijeli karton pakovanja studentske hrane od 60 grama i u\u0161tedi!<\/p>\n","protected":false},"featured_media":10586,"template":"","meta":{"_acf_changed":false},"product_brand":[],"product_cat":[281,271],"product_tag":[],"class_list":{"0":"post-8441","1":"product","2":"type-product","3":"status-publish","4":"has-post-thumbnail","6":"product_cat-35-g-60-g-hr","7":"product_cat-za-opskrbu-jer-se-isplati","9":"first","10":"instock","11":"sale","12":"taxable","13":"shipping-taxable","14":"purchasable","15":"product-type-simple"},"acf":[],"mb":[],"jetpack_sharing_enabled":true,"mfb_rest_fields":["title","jetpack_sharing_enabled"],"_links":{"self":[{"href":"https:\/\/odlicno.si\/hr\/wp-json\/wp\/v2\/product\/8441","targetHints":{"allow":["GET"]}}],"collection":[{"href":"https:\/\/odlicno.si\/hr\/wp-json\/wp\/v2\/product"}],"about":[{"href":"https:\/\/odlicno.si\/hr\/wp-json\/wp\/v2\/types\/product"}],"wp:featuredmedia":[{"embeddable":true,"href":"https:\/\/odlicno.si\/hr\/wp-json\/wp\/v2\/media\/10586"}],"wp:attachment":[{"href":"https:\/\/odlicno.si\/hr\/wp-json\/wp\/v2\/media?parent=8441"}],"wp:term":[{"taxonomy":"product_brand","embeddable":true,"href":"https:\/\/odlicno.si\/hr\/wp-json\/wp\/v2\/product_brand?post=8441"},{"taxonomy":"product_cat","embeddable":true,"href":"https:\/\/odlicno.si\/hr\/wp-json\/wp\/v2\/product_cat?post=8441"},{"taxonomy":"product_tag","embeddable":true,"href":"https:\/\/odlicno.si\/hr\/wp-json\/wp\/v2\/product_tag?post=8441"}],"curies":[{"name":"wp","href":"https:\/\/api.w.org\/{rel}","templated":true}]}}