{"id":8440,"date":"2024-12-02T11:41:32","date_gmt":"2024-12-02T10:41:32","guid":{"rendered":"https:\/\/odlicno.mojwww.si\/?post_type=product&#038;p=8440"},"modified":"2025-01-05T00:03:01","modified_gmt":"2025-01-04T23:03:01","slug":"przeni-slani-orascici-odlicno-18-2-gratis","status":"publish","type":"product","link":"https:\/\/odlicno.si\/hr\/proizvodi\/35-g-60-g-hr\/przeni-slani-orascici-odlicno-18-2-gratis\/","title":{"rendered":"Pr\u017eeni &amp; slani ora\u0161\u010di\u0107i Odli\u010dno, 18 + 2 gratis 20 x 60 g"},"content":{"rendered":"<p>Hrskava mje\u0161avina svje\u017ee pr\u017eenog i slanog kikirikija, badema i indijskih ora\u0161\u010di\u0107a. Ora\u0161\u010di\u0107i su pr\u017eeni u suncokretovom ulju. Kupi cijeli karton pakovanja i u\u0161tedi!<\/p>\n<p>Redovna cijena 116,80 HRK.<\/p>\n","protected":false},"excerpt":{"rendered":"<p>Hrskava mje\u0161avina svje\u017ee pr\u017eenog i slanog kikirikija, badema i indijskih ora\u0161\u010di\u0107a. Ora\u0161\u010di\u0107i su pr\u017eeni u suncokretovom ulju. Kupi cijeli karton pakovanja i u\u0161tedi! Redovna cijena 116,80 HRK.<\/p>\n","protected":false},"featured_media":12907,"template":"","meta":{"_acf_changed":false},"product_brand":[],"product_cat":[281,271],"product_tag":[],"class_list":{"0":"post-8440","1":"product","2":"type-product","3":"status-publish","4":"has-post-thumbnail","6":"product_cat-35-g-60-g-hr","7":"product_cat-za-opskrbu-jer-se-isplati","9":"first","10":"instock","11":"sale","12":"taxable","13":"shipping-taxable","14":"purchasable","15":"product-type-simple"},"acf":[],"mb":[],"jetpack_sharing_enabled":true,"mfb_rest_fields":["title","jetpack_sharing_enabled"],"_links":{"self":[{"href":"https:\/\/odlicno.si\/hr\/wp-json\/wp\/v2\/product\/8440","targetHints":{"allow":["GET"]}}],"collection":[{"href":"https:\/\/odlicno.si\/hr\/wp-json\/wp\/v2\/product"}],"about":[{"href":"https:\/\/odlicno.si\/hr\/wp-json\/wp\/v2\/types\/product"}],"wp:featuredmedia":[{"embeddable":true,"href":"https:\/\/odlicno.si\/hr\/wp-json\/wp\/v2\/media\/12907"}],"wp:attachment":[{"href":"https:\/\/odlicno.si\/hr\/wp-json\/wp\/v2\/media?parent=8440"}],"wp:term":[{"taxonomy":"product_brand","embeddable":true,"href":"https:\/\/odlicno.si\/hr\/wp-json\/wp\/v2\/product_brand?post=8440"},{"taxonomy":"product_cat","embeddable":true,"href":"https:\/\/odlicno.si\/hr\/wp-json\/wp\/v2\/product_cat?post=8440"},{"taxonomy":"product_tag","embeddable":true,"href":"https:\/\/odlicno.si\/hr\/wp-json\/wp\/v2\/product_tag?post=8440"}],"curies":[{"name":"wp","href":"https:\/\/api.w.org\/{rel}","templated":true}]}}