{"id":8436,"date":"2024-12-02T11:41:32","date_gmt":"2024-12-02T10:41:32","guid":{"rendered":"https:\/\/odlicno.mojwww.si\/?post_type=product&#038;p=8436"},"modified":"2024-12-03T17:00:11","modified_gmt":"2024-12-03T16:00:11","slug":"maslac-od-badema-odlicno-300-g","status":"publish","type":"product","link":"https:\/\/odlicno.si\/hr\/proizvodi\/100-g-300-g-hr\/maslac-od-badema-odlicno-300-g\/","title":{"rendered":"Maslac od badema Odli\u010dno, 300 g"},"content":{"rendered":"<p>100 % prirodno. Jedan sastojak, mogu\u0107nost breskrajne u\u017eivancije.&nbsp;<\/p>\n","protected":false},"excerpt":{"rendered":"<p>100 % prirodno. Jedan sastojak, mogu\u0107nost breskrajne u\u017eivancije.&nbsp;<\/p>\n","protected":false},"featured_media":14304,"template":"","meta":{"_acf_changed":false},"product_brand":[],"product_cat":[286,259,116,265],"product_tag":[],"class_list":{"0":"post-8436","1":"product","2":"type-product","3":"status-publish","4":"has-post-thumbnail","6":"product_cat-100-g-300-g-hr","7":"product_cat-kuhanje","8":"product_cat-namazi","9":"product_cat-pecenje","11":"first","12":"instock","13":"taxable","14":"shipping-taxable","15":"purchasable","16":"product-type-simple"},"acf":[],"mb":[],"jetpack_sharing_enabled":true,"mfb_rest_fields":["title","jetpack_sharing_enabled"],"_links":{"self":[{"href":"https:\/\/odlicno.si\/hr\/wp-json\/wp\/v2\/product\/8436","targetHints":{"allow":["GET"]}}],"collection":[{"href":"https:\/\/odlicno.si\/hr\/wp-json\/wp\/v2\/product"}],"about":[{"href":"https:\/\/odlicno.si\/hr\/wp-json\/wp\/v2\/types\/product"}],"wp:featuredmedia":[{"embeddable":true,"href":"https:\/\/odlicno.si\/hr\/wp-json\/wp\/v2\/media\/14304"}],"wp:attachment":[{"href":"https:\/\/odlicno.si\/hr\/wp-json\/wp\/v2\/media?parent=8436"}],"wp:term":[{"taxonomy":"product_brand","embeddable":true,"href":"https:\/\/odlicno.si\/hr\/wp-json\/wp\/v2\/product_brand?post=8436"},{"taxonomy":"product_cat","embeddable":true,"href":"https:\/\/odlicno.si\/hr\/wp-json\/wp\/v2\/product_cat?post=8436"},{"taxonomy":"product_tag","embeddable":true,"href":"https:\/\/odlicno.si\/hr\/wp-json\/wp\/v2\/product_tag?post=8436"}],"curies":[{"name":"wp","href":"https:\/\/api.w.org\/{rel}","templated":true}]}}