{"id":8434,"date":"2024-12-02T11:41:32","date_gmt":"2024-12-02T10:41:32","guid":{"rendered":"https:\/\/odlicno.mojwww.si\/?post_type=product&#038;p=8434"},"modified":"2025-01-05T00:00:56","modified_gmt":"2025-01-04T23:00:56","slug":"bio-kokosov-secer-bio-odlicno","status":"publish","type":"product","link":"https:\/\/odlicno.si\/hr\/proizvodi\/100-g-300-g-hr\/bio-kokosov-secer-bio-odlicno\/","title":{"rendered":"Bio kokosov \u0161e\u0107er Bio Odli\u010dno 300 g"},"content":{"rendered":"<p>Bio kokosov \u0161e\u0107er odli\u010dna je alternativa bijelom \u0161e\u0107eru i neophodan je u svakoj kuhinji. Punog je okusa i arome te ima nizak glikemijski indeks.<\/p>\n","protected":false},"excerpt":{"rendered":"<p>Bio kokosov \u0161e\u0107er odli\u010dna je alternativa bijelom \u0161e\u0107eru i neophodan je u svakoj kuhinji. Punog je okusa i arome te ima nizak glikemijski indeks.<\/p>\n","protected":false},"featured_media":5926,"template":"","meta":{"_acf_changed":false},"product_brand":[],"product_cat":[286,85,265],"product_tag":[],"class_list":{"0":"post-8434","1":"product","2":"type-product","3":"status-publish","4":"has-post-thumbnail","6":"product_cat-100-g-300-g-hr","7":"product_cat-bio","8":"product_cat-pecenje","10":"first","11":"instock","12":"taxable","13":"shipping-taxable","14":"purchasable","15":"product-type-simple"},"acf":[],"mb":[],"jetpack_sharing_enabled":true,"mfb_rest_fields":["title","jetpack_sharing_enabled"],"_links":{"self":[{"href":"https:\/\/odlicno.si\/hr\/wp-json\/wp\/v2\/product\/8434","targetHints":{"allow":["GET"]}}],"collection":[{"href":"https:\/\/odlicno.si\/hr\/wp-json\/wp\/v2\/product"}],"about":[{"href":"https:\/\/odlicno.si\/hr\/wp-json\/wp\/v2\/types\/product"}],"wp:featuredmedia":[{"embeddable":true,"href":"https:\/\/odlicno.si\/hr\/wp-json\/wp\/v2\/media\/5926"}],"wp:attachment":[{"href":"https:\/\/odlicno.si\/hr\/wp-json\/wp\/v2\/media?parent=8434"}],"wp:term":[{"taxonomy":"product_brand","embeddable":true,"href":"https:\/\/odlicno.si\/hr\/wp-json\/wp\/v2\/product_brand?post=8434"},{"taxonomy":"product_cat","embeddable":true,"href":"https:\/\/odlicno.si\/hr\/wp-json\/wp\/v2\/product_cat?post=8434"},{"taxonomy":"product_tag","embeddable":true,"href":"https:\/\/odlicno.si\/hr\/wp-json\/wp\/v2\/product_tag?post=8434"}],"curies":[{"name":"wp","href":"https:\/\/api.w.org\/{rel}","templated":true}]}}