{"id":8433,"date":"2024-12-02T11:41:31","date_gmt":"2024-12-02T10:41:31","guid":{"rendered":"https:\/\/odlicno.mojwww.si\/?post_type=product&#038;p=8433"},"modified":"2025-01-05T00:04:02","modified_gmt":"2025-01-04T23:04:02","slug":"bio-slanutak-bio-odlicno","status":"publish","type":"product","link":"https:\/\/odlicno.si\/hr\/proizvodi\/300-g-500-g-hr\/bio-slanutak-bio-odlicno\/","title":{"rendered":"Bio slanutak Bio Odli\u010dno 350 g"},"content":{"rendered":"<p>Slanutak se koristi za pripremu mnogih jela. Mo\u017eemo ga ponuditi kao glavno jelo ili ga koristimo za pripremu juha, variva, salata, jela od povr\u0107a, tjestenina, ri\u017eota i namaza (npr. humus).<\/p>\n","protected":false},"excerpt":{"rendered":"<p>Slanutak se koristi za pripremu mnogih jela. Mo\u017eemo ga ponuditi kao glavno jelo ili ga koristimo za pripremu juha, variva, salata, jela od povr\u0107a, tjestenina, ri\u017eota i namaza (npr. humus).<\/p>\n","protected":false},"featured_media":5918,"template":"","meta":{"_acf_changed":false},"product_brand":[],"product_cat":[289,236,85,259,86],"product_tag":[],"class_list":{"0":"post-8433","1":"product","2":"type-product","3":"status-publish","4":"has-post-thumbnail","6":"product_cat-300-g-500-g-hr","7":"product_cat-akcija-hr","8":"product_cat-bio","9":"product_cat-kuhanje","10":"product_cat-mahunarke","12":"first","13":"instock","14":"sale","15":"taxable","16":"shipping-taxable","17":"purchasable","18":"product-type-simple"},"acf":[],"mb":[],"jetpack_sharing_enabled":true,"mfb_rest_fields":["title","jetpack_sharing_enabled"],"_links":{"self":[{"href":"https:\/\/odlicno.si\/hr\/wp-json\/wp\/v2\/product\/8433","targetHints":{"allow":["GET"]}}],"collection":[{"href":"https:\/\/odlicno.si\/hr\/wp-json\/wp\/v2\/product"}],"about":[{"href":"https:\/\/odlicno.si\/hr\/wp-json\/wp\/v2\/types\/product"}],"wp:featuredmedia":[{"embeddable":true,"href":"https:\/\/odlicno.si\/hr\/wp-json\/wp\/v2\/media\/5918"}],"wp:attachment":[{"href":"https:\/\/odlicno.si\/hr\/wp-json\/wp\/v2\/media?parent=8433"}],"wp:term":[{"taxonomy":"product_brand","embeddable":true,"href":"https:\/\/odlicno.si\/hr\/wp-json\/wp\/v2\/product_brand?post=8433"},{"taxonomy":"product_cat","embeddable":true,"href":"https:\/\/odlicno.si\/hr\/wp-json\/wp\/v2\/product_cat?post=8433"},{"taxonomy":"product_tag","embeddable":true,"href":"https:\/\/odlicno.si\/hr\/wp-json\/wp\/v2\/product_tag?post=8433"}],"curies":[{"name":"wp","href":"https:\/\/api.w.org\/{rel}","templated":true}]}}