{"id":8432,"date":"2024-12-02T11:41:31","date_gmt":"2024-12-02T10:41:31","guid":{"rendered":"https:\/\/odlicno.mojwww.si\/?post_type=product&#038;p=8432"},"modified":"2025-01-05T00:03:45","modified_gmt":"2025-01-04T23:03:45","slug":"bio-crvena-leca-bio-odlicno","status":"publish","type":"product","link":"https:\/\/odlicno.si\/hr\/proizvodi\/300-g-500-g-hr\/bio-crvena-leca-bio-odlicno\/","title":{"rendered":"Bio crvena le\u0107a Bio Odli\u010dno 350 g"},"content":{"rendered":"<p>Svestrano upotrebljiva crvena le\u0107a iz <strong>ekolo\u0161ki kontroliranog uzgoja<\/strong> oboga\u0107uje va\u0161 svakodnevni jelovnik. Za razliku od zelene (koju treba kuhati 45 min.), crvena se le\u0107a kuha samo 20 minuta. Posebno je preporu\u010dujemo onima koji (povremeno) izbjegavaju mesne proizvode.<\/p>\n","protected":false},"excerpt":{"rendered":"<p>Svestrano upotrebljiva crvena le\u0107a iz ekolo\u0161ki kontroliranog uzgoja oboga\u0107uje va\u0161 svakodnevni jelovnik. Za razliku od zelene (koju treba kuhati 45 min.), crvena se le\u0107a kuha samo 20 minuta. Posebno je preporu\u010dujemo onima koji (povremeno) izbjegavaju mesne proizvode.<\/p>\n","protected":false},"featured_media":5914,"template":"","meta":{"_acf_changed":false},"product_brand":[],"product_cat":[289,85,259,86],"product_tag":[],"class_list":{"0":"post-8432","1":"product","2":"type-product","3":"status-publish","4":"has-post-thumbnail","6":"product_cat-300-g-500-g-hr","7":"product_cat-bio","8":"product_cat-kuhanje","9":"product_cat-mahunarke","11":"first","12":"instock","13":"taxable","14":"shipping-taxable","15":"purchasable","16":"product-type-simple"},"acf":[],"mb":[],"jetpack_sharing_enabled":true,"mfb_rest_fields":["title","jetpack_sharing_enabled"],"_links":{"self":[{"href":"https:\/\/odlicno.si\/hr\/wp-json\/wp\/v2\/product\/8432","targetHints":{"allow":["GET"]}}],"collection":[{"href":"https:\/\/odlicno.si\/hr\/wp-json\/wp\/v2\/product"}],"about":[{"href":"https:\/\/odlicno.si\/hr\/wp-json\/wp\/v2\/types\/product"}],"wp:featuredmedia":[{"embeddable":true,"href":"https:\/\/odlicno.si\/hr\/wp-json\/wp\/v2\/media\/5914"}],"wp:attachment":[{"href":"https:\/\/odlicno.si\/hr\/wp-json\/wp\/v2\/media?parent=8432"}],"wp:term":[{"taxonomy":"product_brand","embeddable":true,"href":"https:\/\/odlicno.si\/hr\/wp-json\/wp\/v2\/product_brand?post=8432"},{"taxonomy":"product_cat","embeddable":true,"href":"https:\/\/odlicno.si\/hr\/wp-json\/wp\/v2\/product_cat?post=8432"},{"taxonomy":"product_tag","embeddable":true,"href":"https:\/\/odlicno.si\/hr\/wp-json\/wp\/v2\/product_tag?post=8432"}],"curies":[{"name":"wp","href":"https:\/\/api.w.org\/{rel}","templated":true}]}}