{"id":8431,"date":"2024-12-02T11:41:31","date_gmt":"2024-12-02T10:41:31","guid":{"rendered":"https:\/\/odlicno.mojwww.si\/?post_type=product&#038;p=8431"},"modified":"2025-01-05T00:03:26","modified_gmt":"2025-01-04T23:03:26","slug":"bio-mango-bio-odlicno","status":"publish","type":"product","link":"https:\/\/odlicno.si\/hr\/proizvodi\/100-g-300-g-hr\/bio-mango-bio-odlicno\/","title":{"rendered":"Bio mango Bio Odli\u010dno 150 g"},"content":{"rendered":"<p>Suhi mango iz kontroliranog ekolo\u0161kog uzgoja <strong>bez dodanog je \u0161e\u0107era<\/strong> i konzervansa te potpuno <strong>prirodnog okusa.<\/strong> Odli\u010dna i \u0161arena grickalica kojoj <strong>ne\u0107ete mo\u0107i odoljeti.<\/strong><\/p>\n","protected":false},"excerpt":{"rendered":"<p>Suhi mango iz kontroliranog ekolo\u0161kog uzgoja bez dodanog je \u0161e\u0107era i konzervansa te potpuno prirodnog okusa. Odli\u010dna i \u0161arena grickalica kojoj ne\u0107ete mo\u0107i odoljeti.<\/p>\n","protected":false},"featured_media":5906,"template":"","meta":{"_acf_changed":false},"product_brand":[],"product_cat":[286,85,256],"product_tag":[],"class_list":{"0":"post-8431","1":"product","2":"type-product","3":"status-publish","4":"has-post-thumbnail","6":"product_cat-100-g-300-g-hr","7":"product_cat-bio","8":"product_cat-za-izlete-lutanja","10":"first","11":"instock","12":"taxable","13":"shipping-taxable","14":"purchasable","15":"product-type-simple"},"acf":[],"mb":[],"jetpack_sharing_enabled":true,"mfb_rest_fields":["title","jetpack_sharing_enabled"],"_links":{"self":[{"href":"https:\/\/odlicno.si\/hr\/wp-json\/wp\/v2\/product\/8431","targetHints":{"allow":["GET"]}}],"collection":[{"href":"https:\/\/odlicno.si\/hr\/wp-json\/wp\/v2\/product"}],"about":[{"href":"https:\/\/odlicno.si\/hr\/wp-json\/wp\/v2\/types\/product"}],"wp:featuredmedia":[{"embeddable":true,"href":"https:\/\/odlicno.si\/hr\/wp-json\/wp\/v2\/media\/5906"}],"wp:attachment":[{"href":"https:\/\/odlicno.si\/hr\/wp-json\/wp\/v2\/media?parent=8431"}],"wp:term":[{"taxonomy":"product_brand","embeddable":true,"href":"https:\/\/odlicno.si\/hr\/wp-json\/wp\/v2\/product_brand?post=8431"},{"taxonomy":"product_cat","embeddable":true,"href":"https:\/\/odlicno.si\/hr\/wp-json\/wp\/v2\/product_cat?post=8431"},{"taxonomy":"product_tag","embeddable":true,"href":"https:\/\/odlicno.si\/hr\/wp-json\/wp\/v2\/product_tag?post=8431"}],"curies":[{"name":"wp","href":"https:\/\/api.w.org\/{rel}","templated":true}]}}