{"id":8428,"date":"2024-12-02T11:41:31","date_gmt":"2024-12-02T10:41:31","guid":{"rendered":"https:\/\/odlicno.mojwww.si\/?post_type=product&#038;p=8428"},"modified":"2024-12-03T17:00:06","modified_gmt":"2024-12-03T16:00:06","slug":"indijski-orascic-odlicno-1000-g","status":"publish","type":"product","link":"https:\/\/odlicno.si\/hr\/proizvodi\/orascici-sjemenke\/orascici\/indijski-orascic-odlicno-1000-g\/","title":{"rendered":"Indijski ora\u0161\u010di\u0107 Odli\u010dno, 1000 g"},"content":{"rendered":"<p>Indijski ora\u0161\u010di\u0107i sa svojom tipi\u010dnom kremastom teksturom i nje\u017enim okusom predstavljaju odli\u010dan izbor za pripremu prijesnih slastica, pripremu azijskih jela, mje\u0161avina za doru\u010dak, a naravno i kao samostalna grickalica. Proizvod ne sadr\u017ei aditive.<\/p>\n","protected":false},"excerpt":{"rendered":"<p>Indijski ora\u0161\u010di\u0107i sa svojom tipi\u010dnom kremastom teksturom i nje\u017enim okusom predstavljaju odli\u010dan izbor za pripremu prijesnih slastica, pripremu azijskih jela, mje\u0161avina za doru\u010dak, a naravno i kao samostalna grickalica. Proizvod ne sadr\u017ei aditive.<\/p>\n","protected":false},"featured_media":9973,"template":"","meta":{"_acf_changed":false},"product_brand":[],"product_cat":[292,259,119,117,265,271],"product_tag":[],"class_list":{"0":"post-8428","1":"product","2":"type-product","3":"status-publish","4":"has-post-thumbnail","6":"product_cat-500-g-1000-g-hr","7":"product_cat-kuhanje","8":"product_cat-orascici","9":"product_cat-orascici-sjemenke","10":"product_cat-pecenje","11":"product_cat-za-opskrbu-jer-se-isplati","13":"first","14":"instock","15":"taxable","16":"shipping-taxable","17":"purchasable","18":"product-type-simple"},"acf":[],"mb":[],"jetpack_sharing_enabled":true,"mfb_rest_fields":["title","jetpack_sharing_enabled"],"_links":{"self":[{"href":"https:\/\/odlicno.si\/hr\/wp-json\/wp\/v2\/product\/8428","targetHints":{"allow":["GET"]}}],"collection":[{"href":"https:\/\/odlicno.si\/hr\/wp-json\/wp\/v2\/product"}],"about":[{"href":"https:\/\/odlicno.si\/hr\/wp-json\/wp\/v2\/types\/product"}],"wp:featuredmedia":[{"embeddable":true,"href":"https:\/\/odlicno.si\/hr\/wp-json\/wp\/v2\/media\/9973"}],"wp:attachment":[{"href":"https:\/\/odlicno.si\/hr\/wp-json\/wp\/v2\/media?parent=8428"}],"wp:term":[{"taxonomy":"product_brand","embeddable":true,"href":"https:\/\/odlicno.si\/hr\/wp-json\/wp\/v2\/product_brand?post=8428"},{"taxonomy":"product_cat","embeddable":true,"href":"https:\/\/odlicno.si\/hr\/wp-json\/wp\/v2\/product_cat?post=8428"},{"taxonomy":"product_tag","embeddable":true,"href":"https:\/\/odlicno.si\/hr\/wp-json\/wp\/v2\/product_tag?post=8428"}],"curies":[{"name":"wp","href":"https:\/\/api.w.org\/{rel}","templated":true}]}}