{"id":8424,"date":"2024-12-02T11:41:30","date_gmt":"2024-12-02T10:41:30","guid":{"rendered":"https:\/\/odlicno.mojwww.si\/?post_type=product&#038;p=8424"},"modified":"2025-08-28T06:57:52","modified_gmt":"2025-08-28T05:57:52","slug":"studentski-mix-odlicno-1000-g","status":"publish","type":"product","link":"https:\/\/odlicno.si\/hr\/proizvodi\/mjesavine-i-grickalice\/grickalice\/studentski-mix-odlicno-1000-g\/","title":{"rendered":"Studentska hrana Odli\u010dno 1000g"},"content":{"rendered":"<p>Va\u0161a i na\u0161a omiljena mje\u0161avina kikirikija, lje\u0161njaka, indijskih ora\u0161\u010di\u0107a, badema i gro\u017e\u0111ica. Izvrstan izvor energije za dane pune izazova. <strong>Prona\u0111ite inspiraciju me\u0111u receptima:<\/strong><\/p>\n<ul>\n<li><a href=\"https:\/\/odlicno.si\/blog\/energijske-ploscice-iz-studentske-hrane\/\">Energetske plo\u010dice iz studentske prehrane<\/a><\/li>\n<\/ul>\n","protected":false},"excerpt":{"rendered":"<p>Va\u0161a i na\u0161a omiljena mje\u0161avina kikirikija, lje\u0161njaka, indijskih ora\u0161\u010di\u0107a, badema i gro\u017e\u0111ica. Izvrstan izvor energije za dane pune izazova. Prona\u0111ite inspiraciju me\u0111u receptima: Energetske plo\u010dice iz studentske prehrane<\/p>\n","protected":false},"featured_media":10013,"template":"","meta":{"_acf_changed":false},"product_brand":[],"product_cat":[292,115,113,271,268],"product_tag":[],"class_list":{"0":"post-8424","1":"product","2":"type-product","3":"status-publish","4":"has-post-thumbnail","6":"product_cat-500-g-1000-g-hr","7":"product_cat-grickalice","8":"product_cat-mjesavine-i-grickalice","9":"product_cat-za-opskrbu-jer-se-isplati","10":"product_cat-zabava-dogadanja","12":"first","13":"instock","14":"taxable","15":"shipping-taxable","16":"purchasable","17":"product-type-simple"},"acf":[],"mb":[],"jetpack_sharing_enabled":true,"mfb_rest_fields":["title","jetpack_sharing_enabled"],"_links":{"self":[{"href":"https:\/\/odlicno.si\/hr\/wp-json\/wp\/v2\/product\/8424","targetHints":{"allow":["GET"]}}],"collection":[{"href":"https:\/\/odlicno.si\/hr\/wp-json\/wp\/v2\/product"}],"about":[{"href":"https:\/\/odlicno.si\/hr\/wp-json\/wp\/v2\/types\/product"}],"wp:featuredmedia":[{"embeddable":true,"href":"https:\/\/odlicno.si\/hr\/wp-json\/wp\/v2\/media\/10013"}],"wp:attachment":[{"href":"https:\/\/odlicno.si\/hr\/wp-json\/wp\/v2\/media?parent=8424"}],"wp:term":[{"taxonomy":"product_brand","embeddable":true,"href":"https:\/\/odlicno.si\/hr\/wp-json\/wp\/v2\/product_brand?post=8424"},{"taxonomy":"product_cat","embeddable":true,"href":"https:\/\/odlicno.si\/hr\/wp-json\/wp\/v2\/product_cat?post=8424"},{"taxonomy":"product_tag","embeddable":true,"href":"https:\/\/odlicno.si\/hr\/wp-json\/wp\/v2\/product_tag?post=8424"}],"curies":[{"name":"wp","href":"https:\/\/api.w.org\/{rel}","templated":true}]}}