{"id":8422,"date":"2024-12-02T11:41:30","date_gmt":"2024-12-02T10:41:30","guid":{"rendered":"https:\/\/odlicno.mojwww.si\/?post_type=product&#038;p=8422"},"modified":"2024-12-03T17:00:01","modified_gmt":"2024-12-03T16:00:01","slug":"suha-marelica-odlicno-1000-g","status":"publish","type":"product","link":"https:\/\/odlicno.si\/hr\/proizvodi\/500-g-1000-g-hr\/suha-marelica-odlicno-1000-g\/","title":{"rendered":"Suha marelica Odli\u010dno, 1000 g"},"content":{"rendered":"<p>Ukusne marelice odli\u010dna su svakodnevna grickalica, a nasjeckane ih mo\u017eete upotrijebiti i u razli\u010ditim receptima.<\/p>\n","protected":false},"excerpt":{"rendered":"<p>Ukusne marelice odli\u010dna su svakodnevna grickalica, a nasjeckane ih mo\u017eete upotrijebiti i u razli\u010ditim receptima.<\/p>\n","protected":false},"featured_media":10017,"template":"","meta":{"_acf_changed":false},"product_brand":[],"product_cat":[292,259,265,123,271],"product_tag":[],"class_list":{"0":"post-8422","1":"product","2":"type-product","3":"status-publish","4":"has-post-thumbnail","6":"product_cat-500-g-1000-g-hr","7":"product_cat-kuhanje","8":"product_cat-pecenje","9":"product_cat-suho-voce","10":"product_cat-za-opskrbu-jer-se-isplati","12":"first","13":"instock","14":"taxable","15":"shipping-taxable","16":"purchasable","17":"product-type-simple"},"acf":[],"mb":[],"jetpack_sharing_enabled":true,"mfb_rest_fields":["title","jetpack_sharing_enabled"],"_links":{"self":[{"href":"https:\/\/odlicno.si\/hr\/wp-json\/wp\/v2\/product\/8422","targetHints":{"allow":["GET"]}}],"collection":[{"href":"https:\/\/odlicno.si\/hr\/wp-json\/wp\/v2\/product"}],"about":[{"href":"https:\/\/odlicno.si\/hr\/wp-json\/wp\/v2\/types\/product"}],"wp:featuredmedia":[{"embeddable":true,"href":"https:\/\/odlicno.si\/hr\/wp-json\/wp\/v2\/media\/10017"}],"wp:attachment":[{"href":"https:\/\/odlicno.si\/hr\/wp-json\/wp\/v2\/media?parent=8422"}],"wp:term":[{"taxonomy":"product_brand","embeddable":true,"href":"https:\/\/odlicno.si\/hr\/wp-json\/wp\/v2\/product_brand?post=8422"},{"taxonomy":"product_cat","embeddable":true,"href":"https:\/\/odlicno.si\/hr\/wp-json\/wp\/v2\/product_cat?post=8422"},{"taxonomy":"product_tag","embeddable":true,"href":"https:\/\/odlicno.si\/hr\/wp-json\/wp\/v2\/product_tag?post=8422"}],"curies":[{"name":"wp","href":"https:\/\/api.w.org\/{rel}","templated":true}]}}