{"id":8421,"date":"2024-12-02T11:31:18","date_gmt":"2024-12-02T10:31:18","guid":{"rendered":"https:\/\/odlicno.mojwww.si\/?post_type=product&#038;p=8421"},"modified":"2025-01-05T00:13:25","modified_gmt":"2025-01-04T23:13:25","slug":"namazi-od-orasastih-plodova-i-kikirikija-odlicno","status":"publish","type":"product","link":"https:\/\/odlicno.si\/hr\/proizvodi\/100-g-300-g-hr\/namazi-od-orasastih-plodova-i-kikirikija-odlicno\/","title":{"rendered":"Namazi od ora\u0161astih plodova i kikirikija Odli\u010dno 4 x 300 g"},"content":{"rendered":"<p>Volite namaze od ora\u0161astih plodova, ali ne znate koji biste kupili? Najbolje je kupiti sve okuse spojene u jednom pakiranju i tako u\u0161tedjeti.<\/p>\n<p>Pakiranje namaza sadr\u017ei 100% namaz od badema, 100% namaz od indijskih ora\u0161\u010di\u0107a, 100% namaz od lje\u0161njaka i 100% namaz od kikirikija.<\/p>\n<p>Namazi su 100% prirodni i izra\u0111eni od najboljih sirovina te se proizvode u Sloveniji.<\/p>\n<p>Bez dodanog \u0161e\u0107era, soli i drugih aditiva, sadr\u017ee samo prirodne \u0161e\u0107ere. Imaju visok udio dijetalnih vlakana i odli\u010dan su izvor proteina.<\/p>\n","protected":false},"excerpt":{"rendered":"<p>Volite namaze od ora\u0161astih plodova, ali ne znate koji biste kupili? Najbolje je kupiti sve okuse spojene u jednom pakiranju i tako u\u0161tedjeti. Pakiranje namaza sadr\u017ei 100% namaz od badema, 100% namaz od indijskih ora\u0161\u010di\u0107a, 100% namaz od lje\u0161njaka i 100% namaz od kikirikija. Namazi su 100% prirodni i izra\u0111eni od najboljih sirovina te se [&hellip;]<\/p>\n","protected":false},"featured_media":13921,"template":"","meta":{"_acf_changed":false},"product_brand":[],"product_cat":[286,116,121],"product_tag":[],"class_list":{"0":"post-8421","1":"product","2":"type-product","3":"status-publish","4":"has-post-thumbnail","6":"product_cat-100-g-300-g-hr","7":"product_cat-namazi","8":"product_cat-paketi","10":"first","11":"instock","12":"sale","13":"taxable","14":"shipping-taxable","15":"purchasable","16":"product-type-simple"},"acf":[],"mb":[],"jetpack_sharing_enabled":true,"mfb_rest_fields":["title","jetpack_sharing_enabled"],"_links":{"self":[{"href":"https:\/\/odlicno.si\/hr\/wp-json\/wp\/v2\/product\/8421","targetHints":{"allow":["GET"]}}],"collection":[{"href":"https:\/\/odlicno.si\/hr\/wp-json\/wp\/v2\/product"}],"about":[{"href":"https:\/\/odlicno.si\/hr\/wp-json\/wp\/v2\/types\/product"}],"wp:featuredmedia":[{"embeddable":true,"href":"https:\/\/odlicno.si\/hr\/wp-json\/wp\/v2\/media\/13921"}],"wp:attachment":[{"href":"https:\/\/odlicno.si\/hr\/wp-json\/wp\/v2\/media?parent=8421"}],"wp:term":[{"taxonomy":"product_brand","embeddable":true,"href":"https:\/\/odlicno.si\/hr\/wp-json\/wp\/v2\/product_brand?post=8421"},{"taxonomy":"product_cat","embeddable":true,"href":"https:\/\/odlicno.si\/hr\/wp-json\/wp\/v2\/product_cat?post=8421"},{"taxonomy":"product_tag","embeddable":true,"href":"https:\/\/odlicno.si\/hr\/wp-json\/wp\/v2\/product_tag?post=8421"}],"curies":[{"name":"wp","href":"https:\/\/api.w.org\/{rel}","templated":true}]}}