{"id":8419,"date":"2024-12-02T11:31:18","date_gmt":"2024-12-02T10:31:18","guid":{"rendered":"https:\/\/odlicno.mojwww.si\/?post_type=product&#038;p=8419"},"modified":"2025-01-05T00:13:34","modified_gmt":"2025-01-04T23:13:34","slug":"mix-sa-crnim-paprom-tasty","status":"publish","type":"product","link":"https:\/\/odlicno.si\/hr\/proizvodi\/35-g-60-g-hr\/mix-sa-crnim-paprom-tasty\/","title":{"rendered":"Mix sa crnim paprom Tasty 60 g"},"content":{"rendered":"<p class=\"text-align-justify\">Mje\u0161avina pr\u017eenog kikirikija i indijskih ora\u0161\u010di\u0107a iz na\u0161e vlastite pr\u017eionice, s pravim listi\u0107ima crnog papra. Izvrstan je me\u0111uobrok za razne prigode jer ima blago pikantnu aromu i dovoljno hrska.<\/p>\n<p class=\"text-align-justify\"><span style=\"font-size: 11.0pt;\"><span style=\"line-height: 107%;\"><span style=\"font-family: 'Calibri',sans-serif;\">Sni\u017eena cijena je va\u017ee\u0107a za proizvode najmanje upotrebljive do 12\/2022.<\/span><\/span><\/span><\/p>\n","protected":false},"excerpt":{"rendered":"<p>Mje\u0161avina pr\u017eenog kikirikija i indijskih ora\u0161\u010di\u0107a iz na\u0161e vlastite pr\u017eionice, s pravim listi\u0107ima crnog papra. Izvrstan je me\u0111uobrok za razne prigode jer ima blago pikantnu aromu i dovoljno hrska. Sni\u017eena cijena je va\u017ee\u0107a za proizvode najmanje upotrebljive do 12\/2022.<\/p>\n","protected":false},"featured_media":4900,"template":"","meta":{"_acf_changed":false},"product_brand":[],"product_cat":[281,122,268],"product_tag":[],"class_list":{"0":"post-8419","1":"product","2":"type-product","3":"status-publish","4":"has-post-thumbnail","6":"product_cat-35-g-60-g-hr","7":"product_cat-premium","8":"product_cat-zabava-dogadanja","10":"first","11":"outofstock","12":"taxable","13":"shipping-taxable","14":"purchasable","15":"product-type-simple"},"acf":[],"mb":[],"jetpack_sharing_enabled":true,"mfb_rest_fields":["title","jetpack_sharing_enabled"],"_links":{"self":[{"href":"https:\/\/odlicno.si\/hr\/wp-json\/wp\/v2\/product\/8419","targetHints":{"allow":["GET"]}}],"collection":[{"href":"https:\/\/odlicno.si\/hr\/wp-json\/wp\/v2\/product"}],"about":[{"href":"https:\/\/odlicno.si\/hr\/wp-json\/wp\/v2\/types\/product"}],"wp:featuredmedia":[{"embeddable":true,"href":"https:\/\/odlicno.si\/hr\/wp-json\/wp\/v2\/media\/4900"}],"wp:attachment":[{"href":"https:\/\/odlicno.si\/hr\/wp-json\/wp\/v2\/media?parent=8419"}],"wp:term":[{"taxonomy":"product_brand","embeddable":true,"href":"https:\/\/odlicno.si\/hr\/wp-json\/wp\/v2\/product_brand?post=8419"},{"taxonomy":"product_cat","embeddable":true,"href":"https:\/\/odlicno.si\/hr\/wp-json\/wp\/v2\/product_cat?post=8419"},{"taxonomy":"product_tag","embeddable":true,"href":"https:\/\/odlicno.si\/hr\/wp-json\/wp\/v2\/product_tag?post=8419"}],"curies":[{"name":"wp","href":"https:\/\/api.w.org\/{rel}","templated":true}]}}