{"id":8418,"date":"2024-12-02T08:55:58","date_gmt":"2024-12-02T07:55:58","guid":{"rendered":"https:\/\/odlicno.mojwww.si\/?post_type=product&#038;p=8418"},"modified":"2025-01-05T00:14:25","modified_gmt":"2025-01-04T23:14:25","slug":"cili-mix-tasty","status":"publish","type":"product","link":"https:\/\/odlicno.si\/hr\/proizvodi\/35-g-60-g-hr\/cili-mix-tasty\/","title":{"rendered":"\u010cili mix Tasty 60 g"},"content":{"rendered":"<p>Mje\u0161avina pr\u017eenog kikirikija i indijskih ora\u0161\u010di\u0107a iz vlastite pr\u017eionice, s komadi\u0107ima pravog \u010dilija i mje\u0161avinom za\u010dina. Ukusno pikantan zalogaj koji se mo\u017ee koristiti i za pripremu azijskih jela.<\/p>\n","protected":false},"excerpt":{"rendered":"<p>Mje\u0161avina pr\u017eenog kikirikija i indijskih ora\u0161\u010di\u0107a iz vlastite pr\u017eionice, s komadi\u0107ima pravog \u010dilija i mje\u0161avinom za\u010dina. Ukusno pikantan zalogaj koji se mo\u017ee koristiti i za pripremu azijskih jela.<\/p>\n","protected":false},"featured_media":4932,"template":"","meta":{"_acf_changed":false},"product_brand":[],"product_cat":[281,122,268],"product_tag":[],"class_list":{"0":"post-8418","1":"product","2":"type-product","3":"status-publish","4":"has-post-thumbnail","6":"product_cat-35-g-60-g-hr","7":"product_cat-premium","8":"product_cat-zabava-dogadanja","10":"first","11":"instock","12":"taxable","13":"shipping-taxable","14":"purchasable","15":"product-type-simple"},"acf":[],"mb":[],"jetpack_sharing_enabled":true,"mfb_rest_fields":["title","jetpack_sharing_enabled"],"_links":{"self":[{"href":"https:\/\/odlicno.si\/hr\/wp-json\/wp\/v2\/product\/8418","targetHints":{"allow":["GET"]}}],"collection":[{"href":"https:\/\/odlicno.si\/hr\/wp-json\/wp\/v2\/product"}],"about":[{"href":"https:\/\/odlicno.si\/hr\/wp-json\/wp\/v2\/types\/product"}],"wp:featuredmedia":[{"embeddable":true,"href":"https:\/\/odlicno.si\/hr\/wp-json\/wp\/v2\/media\/4932"}],"wp:attachment":[{"href":"https:\/\/odlicno.si\/hr\/wp-json\/wp\/v2\/media?parent=8418"}],"wp:term":[{"taxonomy":"product_brand","embeddable":true,"href":"https:\/\/odlicno.si\/hr\/wp-json\/wp\/v2\/product_brand?post=8418"},{"taxonomy":"product_cat","embeddable":true,"href":"https:\/\/odlicno.si\/hr\/wp-json\/wp\/v2\/product_cat?post=8418"},{"taxonomy":"product_tag","embeddable":true,"href":"https:\/\/odlicno.si\/hr\/wp-json\/wp\/v2\/product_tag?post=8418"}],"curies":[{"name":"wp","href":"https:\/\/api.w.org\/{rel}","templated":true}]}}