{"id":8417,"date":"2024-12-02T11:31:18","date_gmt":"2024-12-02T10:31:18","guid":{"rendered":"https:\/\/odlicno.mojwww.si\/?post_type=product&#038;p=8417"},"modified":"2025-01-21T15:11:47","modified_gmt":"2025-01-21T14:11:47","slug":"indijski-orascici-s-tartufima-tasty","status":"publish","type":"product","link":"https:\/\/odlicno.si\/hr\/proizvodi\/35-g-60-g-hr\/indijski-orascici-s-tartufima-tasty\/","title":{"rendered":"Indijski orah s tartufima Tasty 60g"},"content":{"rendered":"<p>Dobitnik nagrade za najbolji zalogaj na Wabel Summitu 2017. u Parizu!<\/p>\n<p>Kremasti indijski ora\u0161\u010di\u0107i, svje\u017ee pe\u010deni u vlastitoj pr\u017eionici na suncokretovom ulju. Dodani su im komadi\u0107i pravog talijanskog crnog tartufa, \u0161to njihovu aromu \u010dini ne\u010dim zaista posebnim i nudi pravi gurmanski do\u017eivljaj.<\/p>\n<p>Pakiraju se u kontroliranoj atmosferi kako bi se o\u010duvala hrskavost i autenti\u010dan okus.<\/p>\n","protected":false},"excerpt":{"rendered":"<p>Dobitnik nagrade za najbolji zalogaj na Wabel Summitu 2017. u Parizu! Kremasti indijski ora\u0161\u010di\u0107i, svje\u017ee pe\u010deni u vlastitoj pr\u017eionici na suncokretovom ulju. Dodani su im komadi\u0107i pravog talijanskog crnog tartufa, \u0161to njihovu aromu \u010dini ne\u010dim zaista posebnim i nudi pravi gurmanski do\u017eivljaj. Pakiraju se u kontroliranoj atmosferi kako bi se o\u010duvala hrskavost i autenti\u010dan okus.<\/p>\n","protected":false},"featured_media":4908,"template":"","meta":{"_acf_changed":false},"product_brand":[],"product_cat":[281,122,239,304,268],"product_tag":[],"class_list":{"0":"post-8417","1":"product","2":"type-product","3":"status-publish","4":"has-post-thumbnail","6":"product_cat-35-g-60-g-hr","7":"product_cat-premium","8":"product_cat-prije-isteka-roka-trajanja","9":"product_cat-prodajni-hiti","10":"product_cat-zabava-dogadanja","12":"first","13":"instock","14":"sale","15":"taxable","16":"shipping-taxable","17":"purchasable","18":"product-type-simple"},"acf":[],"mb":[],"jetpack_sharing_enabled":true,"mfb_rest_fields":["title","jetpack_sharing_enabled"],"_links":{"self":[{"href":"https:\/\/odlicno.si\/hr\/wp-json\/wp\/v2\/product\/8417","targetHints":{"allow":["GET"]}}],"collection":[{"href":"https:\/\/odlicno.si\/hr\/wp-json\/wp\/v2\/product"}],"about":[{"href":"https:\/\/odlicno.si\/hr\/wp-json\/wp\/v2\/types\/product"}],"wp:featuredmedia":[{"embeddable":true,"href":"https:\/\/odlicno.si\/hr\/wp-json\/wp\/v2\/media\/4908"}],"wp:attachment":[{"href":"https:\/\/odlicno.si\/hr\/wp-json\/wp\/v2\/media?parent=8417"}],"wp:term":[{"taxonomy":"product_brand","embeddable":true,"href":"https:\/\/odlicno.si\/hr\/wp-json\/wp\/v2\/product_brand?post=8417"},{"taxonomy":"product_cat","embeddable":true,"href":"https:\/\/odlicno.si\/hr\/wp-json\/wp\/v2\/product_cat?post=8417"},{"taxonomy":"product_tag","embeddable":true,"href":"https:\/\/odlicno.si\/hr\/wp-json\/wp\/v2\/product_tag?post=8417"}],"curies":[{"name":"wp","href":"https:\/\/api.w.org\/{rel}","templated":true}]}}