{"id":8416,"date":"2024-12-02T11:31:18","date_gmt":"2024-12-02T10:31:18","guid":{"rendered":"https:\/\/odlicno.mojwww.si\/?post_type=product&#038;p=8416"},"modified":"2025-01-21T15:03:35","modified_gmt":"2025-01-21T14:03:35","slug":"sir-cili-indijski-orascici-tasty","status":"publish","type":"product","link":"https:\/\/odlicno.si\/hr\/proizvodi\/35-g-60-g-hr\/sir-cili-indijski-orascici-tasty\/","title":{"rendered":"Indijski ora\u0161\u010di\u0107i sa sirom i \u010dilijem Tasty 60g"},"content":{"rendered":"<p>Kremasti indijski ora\u0161\u010di\u0107i, svje\u017ee pe\u010deni u vlastitoj pr\u017eionici na suncokretovom ulju. Dodani su im komadi\u0107i pravog sira i \u010dilija pa imaju ugodan pikantni miris i odli\u010dan su zalogaj za prave gurmane.<\/p>\n<p>Pakiraju se u kontroliranoj atmosferi kako bi se o\u010duvala hrskavost i autenti\u010dan okus.<\/p>\n","protected":false},"excerpt":{"rendered":"<p>Kremasti indijski ora\u0161\u010di\u0107i, svje\u017ee pe\u010deni u vlastitoj pr\u017eionici na suncokretovom ulju. Dodani su im komadi\u0107i pravog sira i \u010dilija pa imaju ugodan pikantni miris i odli\u010dan su zalogaj za prave gurmane. Pakiraju se u kontroliranoj atmosferi kako bi se o\u010duvala hrskavost i autenti\u010dan okus.<\/p>\n","protected":false},"featured_media":4928,"template":"","meta":{"_acf_changed":false},"product_brand":[],"product_cat":[281,122,239,304,268],"product_tag":[],"class_list":{"0":"post-8416","1":"product","2":"type-product","3":"status-publish","4":"has-post-thumbnail","6":"product_cat-35-g-60-g-hr","7":"product_cat-premium","8":"product_cat-prije-isteka-roka-trajanja","9":"product_cat-prodajni-hiti","10":"product_cat-zabava-dogadanja","12":"first","13":"instock","14":"sale","15":"taxable","16":"shipping-taxable","17":"purchasable","18":"product-type-simple"},"acf":[],"mb":[],"jetpack_sharing_enabled":true,"mfb_rest_fields":["title","jetpack_sharing_enabled"],"_links":{"self":[{"href":"https:\/\/odlicno.si\/hr\/wp-json\/wp\/v2\/product\/8416","targetHints":{"allow":["GET"]}}],"collection":[{"href":"https:\/\/odlicno.si\/hr\/wp-json\/wp\/v2\/product"}],"about":[{"href":"https:\/\/odlicno.si\/hr\/wp-json\/wp\/v2\/types\/product"}],"wp:featuredmedia":[{"embeddable":true,"href":"https:\/\/odlicno.si\/hr\/wp-json\/wp\/v2\/media\/4928"}],"wp:attachment":[{"href":"https:\/\/odlicno.si\/hr\/wp-json\/wp\/v2\/media?parent=8416"}],"wp:term":[{"taxonomy":"product_brand","embeddable":true,"href":"https:\/\/odlicno.si\/hr\/wp-json\/wp\/v2\/product_brand?post=8416"},{"taxonomy":"product_cat","embeddable":true,"href":"https:\/\/odlicno.si\/hr\/wp-json\/wp\/v2\/product_cat?post=8416"},{"taxonomy":"product_tag","embeddable":true,"href":"https:\/\/odlicno.si\/hr\/wp-json\/wp\/v2\/product_tag?post=8416"}],"curies":[{"name":"wp","href":"https:\/\/api.w.org\/{rel}","templated":true}]}}