{"id":8415,"date":"2024-12-02T11:31:17","date_gmt":"2024-12-02T10:31:17","guid":{"rendered":"https:\/\/odlicno.mojwww.si\/?post_type=product&#038;p=8415"},"modified":"2025-01-21T15:14:14","modified_gmt":"2025-01-21T14:14:14","slug":"bademi-cili-limeta-tasty","status":"publish","type":"product","link":"https:\/\/odlicno.si\/hr\/proizvodi\/35-g-60-g-hr\/bademi-cili-limeta-tasty\/","title":{"rendered":"Bademi s \u010dilijem i limetom Tasty 60g"},"content":{"rendered":"<p>Hrskavi bademi pe\u010deni u vlastitoj pr\u017eini na suncokretovom ulju. Dodani su im komadi\u0107i pravog \u010dilija i prirodna aroma limete.<\/p>\n<p>Odlikuje ih ugodan pikantni okus koji je spoj citrusa i dima zaokru\u017een do savr\u0161enstva.<\/p>\n<p>Pakiraju se u kontroliranoj atmosferi kako bi se o\u010duvala hrskavost i autenti\u010dan okus.<\/p>\n","protected":false},"excerpt":{"rendered":"<p>Hrskavi bademi pe\u010deni u vlastitoj pr\u017eini na suncokretovom ulju. Dodani su im komadi\u0107i pravog \u010dilija i prirodna aroma limete. Odlikuje ih ugodan pikantni okus koji je spoj citrusa i dima zaokru\u017een do savr\u0161enstva. Pakiraju se u kontroliranoj atmosferi kako bi se o\u010duvala hrskavost i autenti\u010dan okus.<\/p>\n","protected":false},"featured_media":4944,"template":"","meta":{"_acf_changed":false},"product_brand":[],"product_cat":[281,236,122,268],"product_tag":[],"class_list":{"0":"post-8415","1":"product","2":"type-product","3":"status-publish","4":"has-post-thumbnail","6":"product_cat-35-g-60-g-hr","7":"product_cat-akcija-hr","8":"product_cat-premium","9":"product_cat-zabava-dogadanja","11":"first","12":"instock","13":"sale","14":"taxable","15":"shipping-taxable","16":"purchasable","17":"product-type-simple"},"acf":[],"mb":[],"jetpack_sharing_enabled":true,"mfb_rest_fields":["title","jetpack_sharing_enabled"],"_links":{"self":[{"href":"https:\/\/odlicno.si\/hr\/wp-json\/wp\/v2\/product\/8415","targetHints":{"allow":["GET"]}}],"collection":[{"href":"https:\/\/odlicno.si\/hr\/wp-json\/wp\/v2\/product"}],"about":[{"href":"https:\/\/odlicno.si\/hr\/wp-json\/wp\/v2\/types\/product"}],"wp:featuredmedia":[{"embeddable":true,"href":"https:\/\/odlicno.si\/hr\/wp-json\/wp\/v2\/media\/4944"}],"wp:attachment":[{"href":"https:\/\/odlicno.si\/hr\/wp-json\/wp\/v2\/media?parent=8415"}],"wp:term":[{"taxonomy":"product_brand","embeddable":true,"href":"https:\/\/odlicno.si\/hr\/wp-json\/wp\/v2\/product_brand?post=8415"},{"taxonomy":"product_cat","embeddable":true,"href":"https:\/\/odlicno.si\/hr\/wp-json\/wp\/v2\/product_cat?post=8415"},{"taxonomy":"product_tag","embeddable":true,"href":"https:\/\/odlicno.si\/hr\/wp-json\/wp\/v2\/product_tag?post=8415"}],"curies":[{"name":"wp","href":"https:\/\/api.w.org\/{rel}","templated":true}]}}