{"id":8414,"date":"2024-12-02T11:31:17","date_gmt":"2024-12-02T10:31:17","guid":{"rendered":"https:\/\/odlicno.mojwww.si\/?post_type=product&#038;p=8414"},"modified":"2025-01-21T15:01:13","modified_gmt":"2025-01-21T14:01:13","slug":"indijski-orascici-toskana-tasty","status":"publish","type":"product","link":"https:\/\/odlicno.si\/hr\/proizvodi\/100-g-300-g-hr\/indijski-orascici-toskana-tasty\/","title":{"rendered":"Indijski ora\u0161\u010di\u0107i na toskanski Tasty 60g"},"content":{"rendered":"<p>Kremaste indijske ora\u0161\u010di\u0107e pe\u010demo u vlastitoj pr\u017eionici na suncokretovom ulju. Dodamo kombinaciju pravih crnih maslina i ru\u017emarina koja nas vodi na kulinarsko putovanje Toskanom. <\/p>\n<p>Pakiraju se u kontroliranoj atmosferi kako bi se o\u010duvala hrskavost i autenti\u010dan okus.<\/p>\n","protected":false},"excerpt":{"rendered":"<p>Kremaste indijske ora\u0161\u010di\u0107e pe\u010demo u vlastitoj pr\u017eionici na suncokretovom ulju. Dodamo kombinaciju pravih crnih maslina i ru\u017emarina koja nas vodi na kulinarsko putovanje Toskanom. Pakiraju se u kontroliranoj atmosferi kako bi se o\u010duvala hrskavost i autenti\u010dan okus.<\/p>\n","protected":false},"featured_media":5060,"template":"","meta":{"_acf_changed":false},"product_brand":[],"product_cat":[286,122,239,268],"product_tag":[],"class_list":{"0":"post-8414","1":"product","2":"type-product","3":"status-publish","4":"has-post-thumbnail","6":"product_cat-100-g-300-g-hr","7":"product_cat-premium","8":"product_cat-prije-isteka-roka-trajanja","9":"product_cat-zabava-dogadanja","11":"first","12":"instock","13":"sale","14":"taxable","15":"shipping-taxable","16":"purchasable","17":"product-type-simple"},"acf":[],"mb":[],"jetpack_sharing_enabled":true,"mfb_rest_fields":["title","jetpack_sharing_enabled"],"_links":{"self":[{"href":"https:\/\/odlicno.si\/hr\/wp-json\/wp\/v2\/product\/8414","targetHints":{"allow":["GET"]}}],"collection":[{"href":"https:\/\/odlicno.si\/hr\/wp-json\/wp\/v2\/product"}],"about":[{"href":"https:\/\/odlicno.si\/hr\/wp-json\/wp\/v2\/types\/product"}],"wp:featuredmedia":[{"embeddable":true,"href":"https:\/\/odlicno.si\/hr\/wp-json\/wp\/v2\/media\/5060"}],"wp:attachment":[{"href":"https:\/\/odlicno.si\/hr\/wp-json\/wp\/v2\/media?parent=8414"}],"wp:term":[{"taxonomy":"product_brand","embeddable":true,"href":"https:\/\/odlicno.si\/hr\/wp-json\/wp\/v2\/product_brand?post=8414"},{"taxonomy":"product_cat","embeddable":true,"href":"https:\/\/odlicno.si\/hr\/wp-json\/wp\/v2\/product_cat?post=8414"},{"taxonomy":"product_tag","embeddable":true,"href":"https:\/\/odlicno.si\/hr\/wp-json\/wp\/v2\/product_tag?post=8414"}],"curies":[{"name":"wp","href":"https:\/\/api.w.org\/{rel}","templated":true}]}}