{"id":8413,"date":"2024-12-02T11:41:15","date_gmt":"2024-12-02T10:41:15","guid":{"rendered":"https:\/\/odlicno.mojwww.si\/?post_type=product&#038;p=8413"},"modified":"2024-12-03T16:59:56","modified_gmt":"2024-12-03T15:59:56","slug":"maslac-od-kikirikija-odlicno-1000-g","status":"publish","type":"product","link":"https:\/\/odlicno.si\/hr\/proizvodi\/500-g-1000-g-hr\/maslac-od-kikirikija-odlicno-1000-g\/","title":{"rendered":"Maslac od kikirikija Odli\u010dno, 1000 g"},"content":{"rendered":"<p>Odli\u010dan maslac od kikirikija je kremast, 100 % prirodan i napravljen od najboljeg suho pr\u017eenog kikirikija. Bez dodanog \u0161e\u0107era ili soli. Jedan sastojak za neograni\u010deni u\u017eitak.&nbsp;<\/p>\n","protected":false},"excerpt":{"rendered":"<p>Odli\u010dan maslac od kikirikija je kremast, 100 % prirodan i napravljen od najboljeg suho pr\u017eenog kikirikija. Bez dodanog \u0161e\u0107era ili soli. Jedan sastojak za neograni\u010deni u\u017eitak.&nbsp;<\/p>\n","protected":false},"featured_media":5811,"template":"","meta":{"_acf_changed":false},"product_brand":[],"product_cat":[292,116],"product_tag":[],"class_list":{"0":"post-8413","1":"product","2":"type-product","3":"status-publish","4":"has-post-thumbnail","6":"product_cat-500-g-1000-g-hr","7":"product_cat-namazi","9":"first","10":"instock","11":"taxable","12":"shipping-taxable","13":"purchasable","14":"product-type-simple"},"acf":[],"mb":[],"jetpack_sharing_enabled":true,"mfb_rest_fields":["title","jetpack_sharing_enabled"],"_links":{"self":[{"href":"https:\/\/odlicno.si\/hr\/wp-json\/wp\/v2\/product\/8413","targetHints":{"allow":["GET"]}}],"collection":[{"href":"https:\/\/odlicno.si\/hr\/wp-json\/wp\/v2\/product"}],"about":[{"href":"https:\/\/odlicno.si\/hr\/wp-json\/wp\/v2\/types\/product"}],"wp:featuredmedia":[{"embeddable":true,"href":"https:\/\/odlicno.si\/hr\/wp-json\/wp\/v2\/media\/5811"}],"wp:attachment":[{"href":"https:\/\/odlicno.si\/hr\/wp-json\/wp\/v2\/media?parent=8413"}],"wp:term":[{"taxonomy":"product_brand","embeddable":true,"href":"https:\/\/odlicno.si\/hr\/wp-json\/wp\/v2\/product_brand?post=8413"},{"taxonomy":"product_cat","embeddable":true,"href":"https:\/\/odlicno.si\/hr\/wp-json\/wp\/v2\/product_cat?post=8413"},{"taxonomy":"product_tag","embeddable":true,"href":"https:\/\/odlicno.si\/hr\/wp-json\/wp\/v2\/product_tag?post=8413"}],"curies":[{"name":"wp","href":"https:\/\/api.w.org\/{rel}","templated":true}]}}