{"id":8412,"date":"2024-12-02T11:31:17","date_gmt":"2024-12-02T10:31:17","guid":{"rendered":"https:\/\/odlicno.mojwww.si\/?post_type=product&#038;p=8412"},"modified":"2025-01-05T00:13:53","modified_gmt":"2025-01-04T23:13:53","slug":"kikiriki-sa-cilijem-tasty","status":"publish","type":"product","link":"https:\/\/odlicno.si\/hr\/proizvodi\/orascici-sjemenke\/kikiriki\/kikiriki-sa-cilijem-tasty\/","title":{"rendered":"Kikiriki sa \u010dilijem Tasty 200 g"},"content":{"rendered":"<p class=\"text-align-justify\">Kikirikiju pr\u017eenom na suncokretovom ulju u vlastitoj pr\u017eionici dodani su komadi\u0107i pravog \u010dilija i za\u010dini koji mu daju ugodan pikantan okus. Savr\u0161ene su kao samostalan me\u0111uobrok, ali ih mo\u017eete koristiti i u pripremi raznih pikantnih glavnih jela azijske kuhinje.<\/p>\n<p class=\"text-align-justify\"><span style=\"font-size: 11.0pt;\"><span style=\"line-height: 107%;\"><span style=\"font-family: 'Calibri',sans-serif;\">Sni\u017eena cijena je va\u017ee\u0107a za proizvode najmanje upotrebljive do 31.12.2022.<\/span><\/span><\/span><\/p>\n","protected":false},"excerpt":{"rendered":"<p>Kikirikiju pr\u017eenom na suncokretovom ulju u vlastitoj pr\u017eionici dodani su komadi\u0107i pravog \u010dilija i za\u010dini koji mu daju ugodan pikantan okus. Savr\u0161ene su kao samostalan me\u0111uobrok, ali ih mo\u017eete koristiti i u pripremi raznih pikantnih glavnih jela azijske kuhinje. Sni\u017eena cijena je va\u017ee\u0107a za proizvode najmanje upotrebljive do 31.12.2022.<\/p>\n","protected":false},"featured_media":4952,"template":"","meta":{"_acf_changed":false},"product_brand":[],"product_cat":[286,118,122,268],"product_tag":[],"class_list":{"0":"post-8412","1":"product","2":"type-product","3":"status-publish","4":"has-post-thumbnail","6":"product_cat-100-g-300-g-hr","7":"product_cat-kikiriki","8":"product_cat-premium","9":"product_cat-zabava-dogadanja","11":"first","12":"outofstock","13":"taxable","14":"shipping-taxable","15":"purchasable","16":"product-type-simple"},"acf":[],"mb":[],"jetpack_sharing_enabled":true,"mfb_rest_fields":["title","jetpack_sharing_enabled"],"_links":{"self":[{"href":"https:\/\/odlicno.si\/hr\/wp-json\/wp\/v2\/product\/8412","targetHints":{"allow":["GET"]}}],"collection":[{"href":"https:\/\/odlicno.si\/hr\/wp-json\/wp\/v2\/product"}],"about":[{"href":"https:\/\/odlicno.si\/hr\/wp-json\/wp\/v2\/types\/product"}],"wp:featuredmedia":[{"embeddable":true,"href":"https:\/\/odlicno.si\/hr\/wp-json\/wp\/v2\/media\/4952"}],"wp:attachment":[{"href":"https:\/\/odlicno.si\/hr\/wp-json\/wp\/v2\/media?parent=8412"}],"wp:term":[{"taxonomy":"product_brand","embeddable":true,"href":"https:\/\/odlicno.si\/hr\/wp-json\/wp\/v2\/product_brand?post=8412"},{"taxonomy":"product_cat","embeddable":true,"href":"https:\/\/odlicno.si\/hr\/wp-json\/wp\/v2\/product_cat?post=8412"},{"taxonomy":"product_tag","embeddable":true,"href":"https:\/\/odlicno.si\/hr\/wp-json\/wp\/v2\/product_tag?post=8412"}],"curies":[{"name":"wp","href":"https:\/\/api.w.org\/{rel}","templated":true}]}}