{"id":8410,"date":"2024-12-02T11:41:14","date_gmt":"2024-12-02T10:41:14","guid":{"rendered":"https:\/\/odlicno.mojwww.si\/?post_type=product&#038;p=8410"},"modified":"2024-12-03T16:59:54","modified_gmt":"2024-12-03T15:59:54","slug":"maslac-od-indijskih-orascica-odlicno-300-g","status":"publish","type":"product","link":"https:\/\/odlicno.si\/hr\/proizvodi\/300-g-500-g-hr\/maslac-od-indijskih-orascica-odlicno-300-g\/","title":{"rendered":"Maslac od INDIJSKIH ORA\u0160\u010cI\u0106A Odli\u010dno, 300 g"},"content":{"rendered":"<p>100 % prirodno.<\/p>\n<p>Jedan sastojak, mogu\u0107nost breskrajne u\u017eivancije.&nbsp;<\/p>\n","protected":false},"excerpt":{"rendered":"<p>100 % prirodno. Jedan sastojak, mogu\u0107nost breskrajne u\u017eivancije.&nbsp;<\/p>\n","protected":false},"featured_media":14308,"template":"","meta":{"_acf_changed":false},"product_brand":[],"product_cat":[289,116,265],"product_tag":[],"class_list":{"0":"post-8410","1":"product","2":"type-product","3":"status-publish","4":"has-post-thumbnail","6":"product_cat-300-g-500-g-hr","7":"product_cat-namazi","8":"product_cat-pecenje","10":"first","11":"instock","12":"taxable","13":"shipping-taxable","14":"purchasable","15":"product-type-simple"},"acf":[],"mb":[],"jetpack_sharing_enabled":true,"mfb_rest_fields":["title","jetpack_sharing_enabled"],"_links":{"self":[{"href":"https:\/\/odlicno.si\/hr\/wp-json\/wp\/v2\/product\/8410","targetHints":{"allow":["GET"]}}],"collection":[{"href":"https:\/\/odlicno.si\/hr\/wp-json\/wp\/v2\/product"}],"about":[{"href":"https:\/\/odlicno.si\/hr\/wp-json\/wp\/v2\/types\/product"}],"wp:featuredmedia":[{"embeddable":true,"href":"https:\/\/odlicno.si\/hr\/wp-json\/wp\/v2\/media\/14308"}],"wp:attachment":[{"href":"https:\/\/odlicno.si\/hr\/wp-json\/wp\/v2\/media?parent=8410"}],"wp:term":[{"taxonomy":"product_brand","embeddable":true,"href":"https:\/\/odlicno.si\/hr\/wp-json\/wp\/v2\/product_brand?post=8410"},{"taxonomy":"product_cat","embeddable":true,"href":"https:\/\/odlicno.si\/hr\/wp-json\/wp\/v2\/product_cat?post=8410"},{"taxonomy":"product_tag","embeddable":true,"href":"https:\/\/odlicno.si\/hr\/wp-json\/wp\/v2\/product_tag?post=8410"}],"curies":[{"name":"wp","href":"https:\/\/api.w.org\/{rel}","templated":true}]}}