{"id":8409,"date":"2024-12-02T11:31:16","date_gmt":"2024-12-02T10:31:16","guid":{"rendered":"https:\/\/odlicno.mojwww.si\/?post_type=product&#038;p=8409"},"modified":"2024-12-03T16:59:53","modified_gmt":"2024-12-03T15:59:53","slug":"mjesavina-n072-odlicno-125-g","status":"publish","type":"product","link":"https:\/\/odlicno.si\/hr\/proizvodi\/mjesavine-i-grickalice\/grickalice\/mjesavina-n072-odlicno-125-g\/","title":{"rendered":"Mje\u0161avina N\u00b0072 Odli\u010dno, 125 g"},"content":{"rendered":"<p>Na\u0161 razvojni tim testira mje\u0161avine dok ne otkriju pravu kombinaciju teksture i okusa.<\/p>\n<p>Ono \u0161to ovdje vidite je pakirana mje\u0161avina prema receptu br. 072!<\/p>\n","protected":false},"excerpt":{"rendered":"<p>Na\u0161 razvojni tim testira mje\u0161avine dok ne otkriju pravu kombinaciju teksture i okusa. Ono \u0161to ovdje vidite je pakirana mje\u0161avina prema receptu br. 072!<\/p>\n","protected":false},"featured_media":4400,"template":"","meta":{"_acf_changed":false},"product_brand":[],"product_cat":[286,115,114,113,256,268],"product_tag":[],"class_list":{"0":"post-8409","1":"product","2":"type-product","3":"status-publish","4":"has-post-thumbnail","6":"product_cat-100-g-300-g-hr","7":"product_cat-grickalice","8":"product_cat-mjesavine","9":"product_cat-mjesavine-i-grickalice","10":"product_cat-za-izlete-lutanja","11":"product_cat-zabava-dogadanja","13":"first","14":"instock","15":"taxable","16":"shipping-taxable","17":"purchasable","18":"product-type-simple"},"acf":[],"mb":[],"jetpack_sharing_enabled":true,"mfb_rest_fields":["title","jetpack_sharing_enabled"],"_links":{"self":[{"href":"https:\/\/odlicno.si\/hr\/wp-json\/wp\/v2\/product\/8409","targetHints":{"allow":["GET"]}}],"collection":[{"href":"https:\/\/odlicno.si\/hr\/wp-json\/wp\/v2\/product"}],"about":[{"href":"https:\/\/odlicno.si\/hr\/wp-json\/wp\/v2\/types\/product"}],"wp:featuredmedia":[{"embeddable":true,"href":"https:\/\/odlicno.si\/hr\/wp-json\/wp\/v2\/media\/4400"}],"wp:attachment":[{"href":"https:\/\/odlicno.si\/hr\/wp-json\/wp\/v2\/media?parent=8409"}],"wp:term":[{"taxonomy":"product_brand","embeddable":true,"href":"https:\/\/odlicno.si\/hr\/wp-json\/wp\/v2\/product_brand?post=8409"},{"taxonomy":"product_cat","embeddable":true,"href":"https:\/\/odlicno.si\/hr\/wp-json\/wp\/v2\/product_cat?post=8409"},{"taxonomy":"product_tag","embeddable":true,"href":"https:\/\/odlicno.si\/hr\/wp-json\/wp\/v2\/product_tag?post=8409"}],"curies":[{"name":"wp","href":"https:\/\/api.w.org\/{rel}","templated":true}]}}