{"id":8408,"date":"2024-12-02T11:31:16","date_gmt":"2024-12-02T10:31:16","guid":{"rendered":"https:\/\/odlicno.mojwww.si\/?post_type=product&#038;p=8408"},"modified":"2025-01-05T00:14:04","modified_gmt":"2025-01-04T23:14:04","slug":"n073-mix-odlicno","status":"publish","type":"product","link":"https:\/\/odlicno.si\/hr\/proizvodi\/mjesavine-i-grickalice\/grickalice\/n073-mix-odlicno\/","title":{"rendered":"N\u00b0073 mix Odli\u010dno 125 g"},"content":{"rendered":"<p>Mje\u0161avina pr\u017eenog i slanog kikirikija, fizalisa, badema i kukuruza.<\/p>\n<p>Na\u0161 razvojni tim testira mje\u0161avine dok ne prona\u0111e pravu kombinaciju teksture i okusa koja do\u010darava pravu harmoniju u ustima.<\/p>\n<p>Ovo \u0161to vidite ovdje je pakirana smjesa po receptu br.073! Sada jo\u0161 bolji recept!<\/p>\n<p>&nbsp;<\/p>\n","protected":false},"excerpt":{"rendered":"<p>Mje\u0161avina pr\u017eenog i slanog kikirikija, fizalisa, badema i kukuruza. Na\u0161 razvojni tim testira mje\u0161avine dok ne prona\u0111e pravu kombinaciju teksture i okusa koja do\u010darava pravu harmoniju u ustima. Ovo \u0161to vidite ovdje je pakirana smjesa po receptu br.073! Sada jo\u0161 bolji recept! &nbsp;<\/p>\n","protected":false},"featured_media":4404,"template":"","meta":{"_acf_changed":false},"product_brand":[],"product_cat":[286,115,114,113,256,268],"product_tag":[],"class_list":{"0":"post-8408","1":"product","2":"type-product","3":"status-publish","4":"has-post-thumbnail","6":"product_cat-100-g-300-g-hr","7":"product_cat-grickalice","8":"product_cat-mjesavine","9":"product_cat-mjesavine-i-grickalice","10":"product_cat-za-izlete-lutanja","11":"product_cat-zabava-dogadanja","13":"first","14":"instock","15":"taxable","16":"shipping-taxable","17":"purchasable","18":"product-type-simple"},"acf":[],"mb":[],"jetpack_sharing_enabled":true,"mfb_rest_fields":["title","jetpack_sharing_enabled"],"_links":{"self":[{"href":"https:\/\/odlicno.si\/hr\/wp-json\/wp\/v2\/product\/8408","targetHints":{"allow":["GET"]}}],"collection":[{"href":"https:\/\/odlicno.si\/hr\/wp-json\/wp\/v2\/product"}],"about":[{"href":"https:\/\/odlicno.si\/hr\/wp-json\/wp\/v2\/types\/product"}],"wp:featuredmedia":[{"embeddable":true,"href":"https:\/\/odlicno.si\/hr\/wp-json\/wp\/v2\/media\/4404"}],"wp:attachment":[{"href":"https:\/\/odlicno.si\/hr\/wp-json\/wp\/v2\/media?parent=8408"}],"wp:term":[{"taxonomy":"product_brand","embeddable":true,"href":"https:\/\/odlicno.si\/hr\/wp-json\/wp\/v2\/product_brand?post=8408"},{"taxonomy":"product_cat","embeddable":true,"href":"https:\/\/odlicno.si\/hr\/wp-json\/wp\/v2\/product_cat?post=8408"},{"taxonomy":"product_tag","embeddable":true,"href":"https:\/\/odlicno.si\/hr\/wp-json\/wp\/v2\/product_tag?post=8408"}],"curies":[{"name":"wp","href":"https:\/\/api.w.org\/{rel}","templated":true}]}}