{"id":8407,"date":"2024-12-02T11:30:55","date_gmt":"2024-12-02T10:30:55","guid":{"rendered":"https:\/\/odlicno.mojwww.si\/?post_type=product&#038;p=8407"},"modified":"2025-01-21T15:11:48","modified_gmt":"2025-01-21T14:11:48","slug":"przeni-slani-indijski-orascic-odlicno-125-g","status":"publish","type":"product","link":"https:\/\/odlicno.si\/hr\/proizvodi\/mjesavine-i-grickalice\/grickalice\/przeni-slani-indijski-orascic-odlicno-125-g\/","title":{"rendered":"Indijski ora\u0161\u010di\u0107i pe\u010deni i slani Odli\u010dno 125 g"},"content":{"rendered":"<p>Kremasti indijski ora\u0161\u010di\u0107i pe\u010deni su u vlastitoj pr\u017eionici na suncokretovom ulju i posoljeni. Tako nastaje izvrstan hrskavi zalogaj za sve prilike. <\/p>\n","protected":false},"excerpt":{"rendered":"<p>Kremasti indijski ora\u0161\u010di\u0107i pe\u010deni su u vlastitoj pr\u017eionici na suncokretovom ulju i posoljeni. Tako nastaje izvrstan hrskavi zalogaj za sve prilike.<\/p>\n","protected":false},"featured_media":4372,"template":"","meta":{"_acf_changed":false},"product_brand":[],"product_cat":[286,115,259,113,119,117,256,268],"product_tag":[],"class_list":{"0":"post-8407","1":"product","2":"type-product","3":"status-publish","4":"has-post-thumbnail","6":"product_cat-100-g-300-g-hr","7":"product_cat-grickalice","8":"product_cat-kuhanje","9":"product_cat-mjesavine-i-grickalice","10":"product_cat-orascici","11":"product_cat-orascici-sjemenke","12":"product_cat-za-izlete-lutanja","13":"product_cat-zabava-dogadanja","15":"first","16":"instock","17":"taxable","18":"shipping-taxable","19":"purchasable","20":"product-type-simple"},"acf":[],"mb":[],"jetpack_sharing_enabled":true,"mfb_rest_fields":["title","jetpack_sharing_enabled"],"_links":{"self":[{"href":"https:\/\/odlicno.si\/hr\/wp-json\/wp\/v2\/product\/8407","targetHints":{"allow":["GET"]}}],"collection":[{"href":"https:\/\/odlicno.si\/hr\/wp-json\/wp\/v2\/product"}],"about":[{"href":"https:\/\/odlicno.si\/hr\/wp-json\/wp\/v2\/types\/product"}],"wp:featuredmedia":[{"embeddable":true,"href":"https:\/\/odlicno.si\/hr\/wp-json\/wp\/v2\/media\/4372"}],"wp:attachment":[{"href":"https:\/\/odlicno.si\/hr\/wp-json\/wp\/v2\/media?parent=8407"}],"wp:term":[{"taxonomy":"product_brand","embeddable":true,"href":"https:\/\/odlicno.si\/hr\/wp-json\/wp\/v2\/product_brand?post=8407"},{"taxonomy":"product_cat","embeddable":true,"href":"https:\/\/odlicno.si\/hr\/wp-json\/wp\/v2\/product_cat?post=8407"},{"taxonomy":"product_tag","embeddable":true,"href":"https:\/\/odlicno.si\/hr\/wp-json\/wp\/v2\/product_tag?post=8407"}],"curies":[{"name":"wp","href":"https:\/\/api.w.org\/{rel}","templated":true}]}}