{"id":8406,"date":"2024-12-02T11:30:55","date_gmt":"2024-12-02T10:30:55","guid":{"rendered":"https:\/\/odlicno.mojwww.si\/?post_type=product&#038;p=8406"},"modified":"2025-08-28T06:54:30","modified_gmt":"2025-08-28T05:54:30","slug":"kikiriki-przani-slani-odlicno-200-g","status":"publish","type":"product","link":"https:\/\/odlicno.si\/hr\/proizvodi\/mjesavine-i-grickalice\/grickalice\/kikiriki-przani-slani-odlicno-200-g\/","title":{"rendered":"Pe\u010deni i slani kikiriki Odli\u010dno 200g"},"content":{"rendered":"<p>Kikiriki se pr\u017ei na suncokretovom ulju i posoli. Odli\u010dan su hrskavi zalogaj za svaku priliku.<\/p>\n","protected":false},"excerpt":{"rendered":"<p>Kikiriki se pr\u017ei na suncokretovom ulju i posoli. Odli\u010dan su hrskavi zalogaj za svaku priliku.<\/p>\n","protected":false},"featured_media":4332,"template":"","meta":{"_acf_changed":false},"product_brand":[],"product_cat":[286,115,118,113,117,256,268],"product_tag":[],"class_list":{"0":"post-8406","1":"product","2":"type-product","3":"status-publish","4":"has-post-thumbnail","6":"product_cat-100-g-300-g-hr","7":"product_cat-grickalice","8":"product_cat-kikiriki","9":"product_cat-mjesavine-i-grickalice","10":"product_cat-orascici-sjemenke","11":"product_cat-za-izlete-lutanja","12":"product_cat-zabava-dogadanja","14":"first","15":"instock","16":"taxable","17":"shipping-taxable","18":"purchasable","19":"product-type-simple"},"acf":[],"mb":[],"jetpack_sharing_enabled":true,"mfb_rest_fields":["title","jetpack_sharing_enabled"],"_links":{"self":[{"href":"https:\/\/odlicno.si\/hr\/wp-json\/wp\/v2\/product\/8406","targetHints":{"allow":["GET"]}}],"collection":[{"href":"https:\/\/odlicno.si\/hr\/wp-json\/wp\/v2\/product"}],"about":[{"href":"https:\/\/odlicno.si\/hr\/wp-json\/wp\/v2\/types\/product"}],"wp:featuredmedia":[{"embeddable":true,"href":"https:\/\/odlicno.si\/hr\/wp-json\/wp\/v2\/media\/4332"}],"wp:attachment":[{"href":"https:\/\/odlicno.si\/hr\/wp-json\/wp\/v2\/media?parent=8406"}],"wp:term":[{"taxonomy":"product_brand","embeddable":true,"href":"https:\/\/odlicno.si\/hr\/wp-json\/wp\/v2\/product_brand?post=8406"},{"taxonomy":"product_cat","embeddable":true,"href":"https:\/\/odlicno.si\/hr\/wp-json\/wp\/v2\/product_cat?post=8406"},{"taxonomy":"product_tag","embeddable":true,"href":"https:\/\/odlicno.si\/hr\/wp-json\/wp\/v2\/product_tag?post=8406"}],"curies":[{"name":"wp","href":"https:\/\/api.w.org\/{rel}","templated":true}]}}