{"id":8405,"date":"2024-12-02T11:40:52","date_gmt":"2024-12-02T10:40:52","guid":{"rendered":"https:\/\/odlicno.mojwww.si\/?post_type=product&#038;p=8405"},"modified":"2025-08-28T06:54:13","modified_gmt":"2025-08-28T05:54:13","slug":"pistacija-przena-slana-odlicno-125-g","status":"publish","type":"product","link":"https:\/\/odlicno.si\/hr\/proizvodi\/mjesavine-i-grickalice\/grickalice\/pistacija-przena-slana-odlicno-125-g\/","title":{"rendered":"Pe\u010deni i slani pistacije Odli\u010dno 125 g"},"content":{"rendered":"<p>Suho pe\u010deni i taman posoljeni pistacije punog okusa odli\u010dan su zalogaj za razne prigode.<\/p>\n<p><strong>Prona\u0111ite inspiraciju me\u0111u receptima:<\/strong><\/p>\n<ul>\n<li><a href=\"https:\/\/odlicno.si\/blog\/poletna-testeninska-solata-s-pistacijami\/\">Ljetna salata od tjestenine s pistacijama<\/a><\/li>\n<\/ul>\n<p>&nbsp;<\/p>\n","protected":false},"excerpt":{"rendered":"<p>Suho pe\u010deni i taman posoljeni pistacije punog okusa odli\u010dan su zalogaj za razne prigode. Prona\u0111ite inspiraciju me\u0111u receptima: Ljetna salata od tjestenine s pistacijama &nbsp;<\/p>\n","protected":false},"featured_media":9918,"template":"","meta":{"_acf_changed":false},"product_brand":[],"product_cat":[286,115,113,119,117,256,268],"product_tag":[],"class_list":{"0":"post-8405","1":"product","2":"type-product","3":"status-publish","4":"has-post-thumbnail","6":"product_cat-100-g-300-g-hr","7":"product_cat-grickalice","8":"product_cat-mjesavine-i-grickalice","9":"product_cat-orascici","10":"product_cat-orascici-sjemenke","11":"product_cat-za-izlete-lutanja","12":"product_cat-zabava-dogadanja","14":"first","15":"instock","16":"taxable","17":"shipping-taxable","18":"purchasable","19":"product-type-simple"},"acf":[],"mb":[],"jetpack_sharing_enabled":true,"mfb_rest_fields":["title","jetpack_sharing_enabled"],"_links":{"self":[{"href":"https:\/\/odlicno.si\/hr\/wp-json\/wp\/v2\/product\/8405","targetHints":{"allow":["GET"]}}],"collection":[{"href":"https:\/\/odlicno.si\/hr\/wp-json\/wp\/v2\/product"}],"about":[{"href":"https:\/\/odlicno.si\/hr\/wp-json\/wp\/v2\/types\/product"}],"wp:featuredmedia":[{"embeddable":true,"href":"https:\/\/odlicno.si\/hr\/wp-json\/wp\/v2\/media\/9918"}],"wp:attachment":[{"href":"https:\/\/odlicno.si\/hr\/wp-json\/wp\/v2\/media?parent=8405"}],"wp:term":[{"taxonomy":"product_brand","embeddable":true,"href":"https:\/\/odlicno.si\/hr\/wp-json\/wp\/v2\/product_brand?post=8405"},{"taxonomy":"product_cat","embeddable":true,"href":"https:\/\/odlicno.si\/hr\/wp-json\/wp\/v2\/product_cat?post=8405"},{"taxonomy":"product_tag","embeddable":true,"href":"https:\/\/odlicno.si\/hr\/wp-json\/wp\/v2\/product_tag?post=8405"}],"curies":[{"name":"wp","href":"https:\/\/api.w.org\/{rel}","templated":true}]}}