{"id":8400,"date":"2024-12-03T13:23:09","date_gmt":"2024-12-03T12:23:09","guid":{"rendered":"https:\/\/odlicno.mojwww.si\/?post_type=product&#038;p=8400"},"modified":"2025-01-04T23:54:23","modified_gmt":"2025-01-04T22:54:23","slug":"bio-slanutak","status":"publish","type":"product","link":"https:\/\/odlicno.si\/hr\/proizvodi\/akcija-hr\/bio-slanutak\/","title":{"rendered":"Bio slanutak 1000 g"},"content":{"rendered":"<p>Slanutak se koristi za pripremu mnogih jela. Mo\u017eemo ga ponuditi kao glavno jelo ili ga koristimo za pripremu juha, variva, salata, jela od povr\u0107a, tjestenina, ri\u017eota i namaza (npr. humus).<\/p>\n","protected":false},"excerpt":{"rendered":"<p>Slanutak se koristi za pripremu mnogih jela. Mo\u017eemo ga ponuditi kao glavno jelo ili ga koristimo za pripremu juha, variva, salata, jela od povr\u0107a, tjestenina, ri\u017eota i namaza (npr. humus).<\/p>\n","protected":false},"featured_media":7615,"template":"","meta":{"_acf_changed":false},"product_brand":[],"product_cat":[236,85,86],"product_tag":[],"class_list":{"0":"post-8400","1":"product","2":"type-product","3":"status-publish","4":"has-post-thumbnail","6":"product_cat-akcija-hr","7":"product_cat-bio","8":"product_cat-mahunarke","10":"first","11":"outofstock","12":"sale","13":"taxable","14":"shipping-taxable","15":"purchasable","16":"product-type-simple"},"acf":[],"mb":[],"jetpack_sharing_enabled":true,"mfb_rest_fields":["title","jetpack_sharing_enabled"],"_links":{"self":[{"href":"https:\/\/odlicno.si\/hr\/wp-json\/wp\/v2\/product\/8400","targetHints":{"allow":["GET"]}}],"collection":[{"href":"https:\/\/odlicno.si\/hr\/wp-json\/wp\/v2\/product"}],"about":[{"href":"https:\/\/odlicno.si\/hr\/wp-json\/wp\/v2\/types\/product"}],"wp:featuredmedia":[{"embeddable":true,"href":"https:\/\/odlicno.si\/hr\/wp-json\/wp\/v2\/media\/7615"}],"wp:attachment":[{"href":"https:\/\/odlicno.si\/hr\/wp-json\/wp\/v2\/media?parent=8400"}],"wp:term":[{"taxonomy":"product_brand","embeddable":true,"href":"https:\/\/odlicno.si\/hr\/wp-json\/wp\/v2\/product_brand?post=8400"},{"taxonomy":"product_cat","embeddable":true,"href":"https:\/\/odlicno.si\/hr\/wp-json\/wp\/v2\/product_cat?post=8400"},{"taxonomy":"product_tag","embeddable":true,"href":"https:\/\/odlicno.si\/hr\/wp-json\/wp\/v2\/product_tag?post=8400"}],"curies":[{"name":"wp","href":"https:\/\/api.w.org\/{rel}","templated":true}]}}