{"id":8397,"date":"2024-12-02T11:40:50","date_gmt":"2024-12-02T10:40:50","guid":{"rendered":"https:\/\/odlicno.mojwww.si\/?post_type=product&#038;p=8397"},"modified":"2025-01-05T00:06:38","modified_gmt":"2025-01-04T23:06:38","slug":"bio-crvena-leca","status":"publish","type":"product","link":"https:\/\/odlicno.si\/hr\/proizvodi\/500-g-1000-g-hr\/bio-crvena-leca\/","title":{"rendered":"Bio crvena le\u0107a 1000 g"},"content":{"rendered":"<p>Svestrano upotrebljiva crvena le\u0107a iz\u00a0<strong>ekolo\u0161ki kontroliranog uzgoja<\/strong>\u00a0oboga\u0107uje va\u0161 svakodnevni jelovnik. Za razliku od zelene (koju treba kuhati 45 min.), crvena se le\u0107a kuha samo 20 minuta. Posebno je preporu\u010dujemo onima koji (povremeno) izbjegavaju mesne proizvode.<\/p>\n","protected":false},"excerpt":{"rendered":"<p>Svestrano upotrebljiva crvena le\u0107a iz\u00a0ekolo\u0161ki kontroliranog uzgoja\u00a0oboga\u0107uje va\u0161 svakodnevni jelovnik. Za razliku od zelene (koju treba kuhati 45 min.), crvena se le\u0107a kuha samo 20 minuta. Posebno je preporu\u010dujemo onima koji (povremeno) izbjegavaju mesne proizvode.<\/p>\n","protected":false},"featured_media":5721,"template":"","meta":{"_acf_changed":false},"product_brand":[],"product_cat":[292,85,259,86,271],"product_tag":[],"class_list":{"0":"post-8397","1":"product","2":"type-product","3":"status-publish","4":"has-post-thumbnail","6":"product_cat-500-g-1000-g-hr","7":"product_cat-bio","8":"product_cat-kuhanje","9":"product_cat-mahunarke","10":"product_cat-za-opskrbu-jer-se-isplati","12":"first","13":"instock","14":"taxable","15":"shipping-taxable","16":"purchasable","17":"product-type-simple"},"acf":[],"mb":[],"jetpack_sharing_enabled":true,"mfb_rest_fields":["title","jetpack_sharing_enabled"],"_links":{"self":[{"href":"https:\/\/odlicno.si\/hr\/wp-json\/wp\/v2\/product\/8397","targetHints":{"allow":["GET"]}}],"collection":[{"href":"https:\/\/odlicno.si\/hr\/wp-json\/wp\/v2\/product"}],"about":[{"href":"https:\/\/odlicno.si\/hr\/wp-json\/wp\/v2\/types\/product"}],"wp:featuredmedia":[{"embeddable":true,"href":"https:\/\/odlicno.si\/hr\/wp-json\/wp\/v2\/media\/5721"}],"wp:attachment":[{"href":"https:\/\/odlicno.si\/hr\/wp-json\/wp\/v2\/media?parent=8397"}],"wp:term":[{"taxonomy":"product_brand","embeddable":true,"href":"https:\/\/odlicno.si\/hr\/wp-json\/wp\/v2\/product_brand?post=8397"},{"taxonomy":"product_cat","embeddable":true,"href":"https:\/\/odlicno.si\/hr\/wp-json\/wp\/v2\/product_cat?post=8397"},{"taxonomy":"product_tag","embeddable":true,"href":"https:\/\/odlicno.si\/hr\/wp-json\/wp\/v2\/product_tag?post=8397"}],"curies":[{"name":"wp","href":"https:\/\/api.w.org\/{rel}","templated":true}]}}