{"id":8396,"date":"2024-12-02T11:40:50","date_gmt":"2024-12-02T10:40:50","guid":{"rendered":"https:\/\/odlicno.mojwww.si\/?post_type=product&#038;p=8396"},"modified":"2025-01-05T00:06:14","modified_gmt":"2025-01-04T23:06:14","slug":"organske-grozdice","status":"publish","type":"product","link":"https:\/\/odlicno.si\/hr\/proizvodi\/500-g-1000-g-hr\/organske-grozdice\/","title":{"rendered":"Organske gro\u017e\u0111ice 1000 g"},"content":{"rendered":"<p>Prirodno slatke velike zlatne gro\u017e\u0111ice izvrstan su dodatak va\u0161oj svakodnevnoj prehrani. Tako\u0111er se mogu koristiti u pe\u010denju i pripremi egzoti\u010dnih jela.<\/p>\n<p style=\"margin-bottom: 11px;\"><span style=\"font-size: 11pt;\"><span style=\"line-height: 107%;\"><span style=\"font-family: Calibri,sans-serif;\">Sni\u017eena cijena je va\u017ee\u0107a za proizvode najmanje upotrebljive do 30.11.2022.<\/span><\/span><\/span><\/p>\n","protected":false},"excerpt":{"rendered":"<p>Prirodno slatke velike zlatne gro\u017e\u0111ice izvrstan su dodatak va\u0161oj svakodnevnoj prehrani. Tako\u0111er se mogu koristiti u pe\u010denju i pripremi egzoti\u010dnih jela. Sni\u017eena cijena je va\u017ee\u0107a za proizvode najmanje upotrebljive do 30.11.2022.<\/p>\n","protected":false},"featured_media":5717,"template":"","meta":{"_acf_changed":false},"product_brand":[],"product_cat":[292,85,265,271],"product_tag":[],"class_list":{"0":"post-8396","1":"product","2":"type-product","3":"status-publish","4":"has-post-thumbnail","6":"product_cat-500-g-1000-g-hr","7":"product_cat-bio","8":"product_cat-pecenje","9":"product_cat-za-opskrbu-jer-se-isplati","11":"first","12":"outofstock","13":"taxable","14":"shipping-taxable","15":"purchasable","16":"product-type-simple"},"acf":[],"mb":[],"jetpack_sharing_enabled":true,"mfb_rest_fields":["title","jetpack_sharing_enabled"],"_links":{"self":[{"href":"https:\/\/odlicno.si\/hr\/wp-json\/wp\/v2\/product\/8396","targetHints":{"allow":["GET"]}}],"collection":[{"href":"https:\/\/odlicno.si\/hr\/wp-json\/wp\/v2\/product"}],"about":[{"href":"https:\/\/odlicno.si\/hr\/wp-json\/wp\/v2\/types\/product"}],"wp:featuredmedia":[{"embeddable":true,"href":"https:\/\/odlicno.si\/hr\/wp-json\/wp\/v2\/media\/5717"}],"wp:attachment":[{"href":"https:\/\/odlicno.si\/hr\/wp-json\/wp\/v2\/media?parent=8396"}],"wp:term":[{"taxonomy":"product_brand","embeddable":true,"href":"https:\/\/odlicno.si\/hr\/wp-json\/wp\/v2\/product_brand?post=8396"},{"taxonomy":"product_cat","embeddable":true,"href":"https:\/\/odlicno.si\/hr\/wp-json\/wp\/v2\/product_cat?post=8396"},{"taxonomy":"product_tag","embeddable":true,"href":"https:\/\/odlicno.si\/hr\/wp-json\/wp\/v2\/product_tag?post=8396"}],"curies":[{"name":"wp","href":"https:\/\/api.w.org\/{rel}","templated":true}]}}