{"id":8392,"date":"2024-12-02T11:40:49","date_gmt":"2024-12-02T10:40:49","guid":{"rendered":"https:\/\/odlicno.mojwww.si\/?post_type=product&#038;p=8392"},"modified":"2025-01-05T00:07:15","modified_gmt":"2025-01-04T23:07:15","slug":"datulje-bez-kostice-bez-dodanog-secera-i-bez-konzervansa-odlicno-180-g","status":"publish","type":"product","link":"https:\/\/odlicno.si\/hr\/proizvodi\/pecenje\/datulje-bez-kostice-bez-dodanog-secera-i-bez-konzervansa-odlicno-180-g\/","title":{"rendered":"Datulje bez ko\u0161tice, bez dodanog \u0161e\u0107era i bez konzervansa Odli\u010dno, 180 g"},"content":{"rendered":"<p>Suhe datulje izvrsne arome karamele i kremaste teksture. Nemaju dodanog \u0161e\u0107era, bez konzervansa i bez ko\u0161tica.<\/p>\n<p style=\"margin-bottom: 11px;\">\n","protected":false},"excerpt":{"rendered":"<p>Suhe datulje izvrsne arome karamele i kremaste teksture. Nemaju dodanog \u0161e\u0107era, bez konzervansa i bez ko\u0161tica.<\/p>\n","protected":false},"featured_media":5701,"template":"","meta":{"_acf_changed":false},"product_brand":[],"product_cat":[265,304,123],"product_tag":[],"class_list":{"0":"post-8392","1":"product","2":"type-product","3":"status-publish","4":"has-post-thumbnail","6":"product_cat-pecenje","7":"product_cat-prodajni-hiti","8":"product_cat-suho-voce","10":"first","11":"instock","12":"taxable","13":"shipping-taxable","14":"purchasable","15":"product-type-simple"},"acf":[],"mb":[],"jetpack_sharing_enabled":true,"mfb_rest_fields":["title","jetpack_sharing_enabled"],"_links":{"self":[{"href":"https:\/\/odlicno.si\/hr\/wp-json\/wp\/v2\/product\/8392","targetHints":{"allow":["GET"]}}],"collection":[{"href":"https:\/\/odlicno.si\/hr\/wp-json\/wp\/v2\/product"}],"about":[{"href":"https:\/\/odlicno.si\/hr\/wp-json\/wp\/v2\/types\/product"}],"wp:featuredmedia":[{"embeddable":true,"href":"https:\/\/odlicno.si\/hr\/wp-json\/wp\/v2\/media\/5701"}],"wp:attachment":[{"href":"https:\/\/odlicno.si\/hr\/wp-json\/wp\/v2\/media?parent=8392"}],"wp:term":[{"taxonomy":"product_brand","embeddable":true,"href":"https:\/\/odlicno.si\/hr\/wp-json\/wp\/v2\/product_brand?post=8392"},{"taxonomy":"product_cat","embeddable":true,"href":"https:\/\/odlicno.si\/hr\/wp-json\/wp\/v2\/product_cat?post=8392"},{"taxonomy":"product_tag","embeddable":true,"href":"https:\/\/odlicno.si\/hr\/wp-json\/wp\/v2\/product_tag?post=8392"}],"curies":[{"name":"wp","href":"https:\/\/api.w.org\/{rel}","templated":true}]}}