{"id":8388,"date":"2024-12-02T11:30:51","date_gmt":"2024-12-02T10:30:51","guid":{"rendered":"https:\/\/odlicno.mojwww.si\/?post_type=product&#038;p=8388"},"modified":"2024-12-03T16:59:39","modified_gmt":"2024-12-03T15:59:39","slug":"suhi-przeni-i-soljeni-kikiriki-odlicno-200-g","status":"publish","type":"product","link":"https:\/\/odlicno.si\/hr\/proizvodi\/mjesavine-i-grickalice\/grickalice\/suhi-przeni-i-soljeni-kikiriki-odlicno-200-g\/","title":{"rendered":"Suhi pr\u017eeni i soljeni kikiriki Odli\u010dno, 200 g"},"content":{"rendered":"<p>Dodali smo samo malo soli na\u0161em kikirikiju, pe\u010denom bez dodavanja ulja, i napravili sjajan novi zalogaj koji jednostavno morate probati!<\/p>\n","protected":false},"excerpt":{"rendered":"<p>Dodali smo samo malo soli na\u0161em kikirikiju, pe\u010denom bez dodavanja ulja, i napravili sjajan novi zalogaj koji jednostavno morate probati!<\/p>\n","protected":false},"featured_media":4344,"template":"","meta":{"_acf_changed":false},"product_brand":[],"product_cat":[286,115,118,259,113,117,256,268],"product_tag":[],"class_list":{"0":"post-8388","1":"product","2":"type-product","3":"status-publish","4":"has-post-thumbnail","6":"product_cat-100-g-300-g-hr","7":"product_cat-grickalice","8":"product_cat-kikiriki","9":"product_cat-kuhanje","10":"product_cat-mjesavine-i-grickalice","11":"product_cat-orascici-sjemenke","12":"product_cat-za-izlete-lutanja","13":"product_cat-zabava-dogadanja","15":"first","16":"instock","17":"taxable","18":"shipping-taxable","19":"purchasable","20":"product-type-simple"},"acf":[],"mb":[],"jetpack_sharing_enabled":true,"mfb_rest_fields":["title","jetpack_sharing_enabled"],"_links":{"self":[{"href":"https:\/\/odlicno.si\/hr\/wp-json\/wp\/v2\/product\/8388","targetHints":{"allow":["GET"]}}],"collection":[{"href":"https:\/\/odlicno.si\/hr\/wp-json\/wp\/v2\/product"}],"about":[{"href":"https:\/\/odlicno.si\/hr\/wp-json\/wp\/v2\/types\/product"}],"wp:featuredmedia":[{"embeddable":true,"href":"https:\/\/odlicno.si\/hr\/wp-json\/wp\/v2\/media\/4344"}],"wp:attachment":[{"href":"https:\/\/odlicno.si\/hr\/wp-json\/wp\/v2\/media?parent=8388"}],"wp:term":[{"taxonomy":"product_brand","embeddable":true,"href":"https:\/\/odlicno.si\/hr\/wp-json\/wp\/v2\/product_brand?post=8388"},{"taxonomy":"product_cat","embeddable":true,"href":"https:\/\/odlicno.si\/hr\/wp-json\/wp\/v2\/product_cat?post=8388"},{"taxonomy":"product_tag","embeddable":true,"href":"https:\/\/odlicno.si\/hr\/wp-json\/wp\/v2\/product_tag?post=8388"}],"curies":[{"name":"wp","href":"https:\/\/api.w.org\/{rel}","templated":true}]}}