{"id":8387,"date":"2024-12-02T11:30:50","date_gmt":"2024-12-02T10:30:50","guid":{"rendered":"https:\/\/odlicno.mojwww.si\/?post_type=product&#038;p=8387"},"modified":"2025-08-28T06:50:50","modified_gmt":"2025-08-28T05:50:50","slug":"indijski-orascici-suho-przeni-i-nesoljeni-125-g","status":"publish","type":"product","link":"https:\/\/odlicno.si\/hr\/proizvodi\/mjesavine-i-grickalice\/grickalice\/indijski-orascici-suho-przeni-i-nesoljeni-125-g\/","title":{"rendered":"Indijski ora\u0161\u010di\u0107i, suho pr\u017eeni i nesoljeni, Odli\u010dno 125 g"},"content":{"rendered":"<p>Suhi pr\u017eeni i neslani indijski ora\u0161\u010di\u0107i se peku u vlastitoj pr\u017eionici. Izvrstan su izvor proteina i imaju visok sadr\u017eaj dijetalnih vlakana.<\/p>\n<p>Odli\u010dan hrskavi me\u0111uobrok za ljubitelje neslanih jela.<\/p>\n","protected":false},"excerpt":{"rendered":"<p>Suhi pr\u017eeni i neslani indijski ora\u0161\u010di\u0107i se peku u vlastitoj pr\u017eionici. Izvrstan su izvor proteina i imaju visok sadr\u017eaj dijetalnih vlakana. Odli\u010dan hrskavi me\u0111uobrok za ljubitelje neslanih jela.<\/p>\n","protected":false},"featured_media":4380,"template":"","meta":{"_acf_changed":false},"product_brand":[],"product_cat":[286,115,259,113,119,117,265,256,268],"product_tag":[],"class_list":{"0":"post-8387","1":"product","2":"type-product","3":"status-publish","4":"has-post-thumbnail","6":"product_cat-100-g-300-g-hr","7":"product_cat-grickalice","8":"product_cat-kuhanje","9":"product_cat-mjesavine-i-grickalice","10":"product_cat-orascici","11":"product_cat-orascici-sjemenke","12":"product_cat-pecenje","13":"product_cat-za-izlete-lutanja","14":"product_cat-zabava-dogadanja","16":"first","17":"instock","18":"taxable","19":"shipping-taxable","20":"purchasable","21":"product-type-simple"},"acf":[],"mb":[],"jetpack_sharing_enabled":true,"mfb_rest_fields":["title","jetpack_sharing_enabled"],"_links":{"self":[{"href":"https:\/\/odlicno.si\/hr\/wp-json\/wp\/v2\/product\/8387","targetHints":{"allow":["GET"]}}],"collection":[{"href":"https:\/\/odlicno.si\/hr\/wp-json\/wp\/v2\/product"}],"about":[{"href":"https:\/\/odlicno.si\/hr\/wp-json\/wp\/v2\/types\/product"}],"wp:featuredmedia":[{"embeddable":true,"href":"https:\/\/odlicno.si\/hr\/wp-json\/wp\/v2\/media\/4380"}],"wp:attachment":[{"href":"https:\/\/odlicno.si\/hr\/wp-json\/wp\/v2\/media?parent=8387"}],"wp:term":[{"taxonomy":"product_brand","embeddable":true,"href":"https:\/\/odlicno.si\/hr\/wp-json\/wp\/v2\/product_brand?post=8387"},{"taxonomy":"product_cat","embeddable":true,"href":"https:\/\/odlicno.si\/hr\/wp-json\/wp\/v2\/product_cat?post=8387"},{"taxonomy":"product_tag","embeddable":true,"href":"https:\/\/odlicno.si\/hr\/wp-json\/wp\/v2\/product_tag?post=8387"}],"curies":[{"name":"wp","href":"https:\/\/api.w.org\/{rel}","templated":true}]}}